{"id":681,"date":"2026-02-17T19:24:39","date_gmt":"2026-02-17T18:24:39","guid":{"rendered":"https:\/\/lespirall.com\/politica-de-privacidad\/"},"modified":"2026-02-23T12:24:21","modified_gmt":"2026-02-23T11:24:21","slug":"politica-de-privacidad","status":"publish","type":"page","link":"https:\/\/lespirall.com\/es\/politica-de-privacidad\/","title":{"rendered":"Pol\u00edtica de privacidad"},"content":{"rendered":"<div class=\"et_pb_section_0 et_pb_section et_section_regular et_flex_section section_has_divider et_pb_bottom_divider\">\n<div class=\"et_pb_row_0 et_pb_row et_flex_row\">\n<div class=\"et_pb_column_0 et_pb_column et-last-child et_flex_column et_pb_css_mix_blend_mode_passthrough et_flex_column_24_24 et_flex_column_24_24_tablet et_flex_column_24_24_phone\">\n<div class=\"et_pb_heading_0 et_pb_heading et_animated et_pb_module et_flex_module\"><div class=\"et_pb_heading_container\"><h1 class=\"et_pb_module_header\">POL\u00cdTICA DE PRIVACIDAD<\/h1><\/div><\/div>\n<\/div>\n<\/div>\n<div class=\"et_pb_bottom_inside_divider et-no-transition\"><\/div><\/div>\n\n<div class=\"et_pb_section_1 et_pb_section et_section_regular et_flex_section section_has_divider et_pb_bottom_divider\">\n<div class=\"et_pb_row_1 et_pb_row et_flex_row\">\n<div class=\"et_pb_column_1 et_pb_column et-last-child et_flex_column et_pb_css_mix_blend_mode_passthrough et_flex_column_24_24 et_flex_column_24_24_tablet et_flex_column_24_24_phone\">\n<div class=\"et_pb_text_0 et_pb_text et_pb_bg_layout_light et_pb_module et_flex_module\"><div class=\"et_pb_text_inner\"><h2 data-start=\"146\" data-end=\"167\">1. Responsable del tratamiento<\/h2>\n<p data-start=\"169\" data-end=\"325\">En cumplimiento del Reglamento (UE) 2016\/679 (Reglamento General de Protecci\u00f3n de Datos \u2013 RGPD) y la normativa espa\u00f1ola vigente en materia de protecci\u00f3n de datos, el responsable del tratamiento es:<\/p>\n<p data-start=\"327\" data-end=\"510\"><strong data-start=\"327\" data-end=\"344\">Denominaci\u00f3n social:<\/strong> L'Espirall de llum S.L.<br data-start=\"368\" data-end=\"371\"><strong data-start=\"371\" data-end=\"394\">Domicilio social:<\/strong> C\/ Uni\u00f3 38 1r, 08201 Sabadell (Barcelona), Spain<br data-start=\"443\" data-end=\"446\"><strong data-start=\"446\" data-end=\"463\">NIF:<\/strong> B63305361<br data-start=\"473\" data-end=\"476\"><strong data-start=\"476\" data-end=\"486\">Correo electr\u00f3nico:<\/strong> <a data-start=\"487\" data-end=\"508\" class=\"decorated-link cursor-pointer\" rel=\"noopener\">contact@lespirall.com<span aria-hidden=\"true\" class=\"ms-0.5 inline-block align-middle leading-none\"><svg xmlns=\"http:\/\/www.w3.org\/2000\/svg\" width=\"20\" height=\"20\" aria-hidden=\"true\" data-rtl-flip=\"\" class=\"block h-[0.75em] w-[0.75em] stroke-current stroke-[0.75]\"><use href=\"\/cdn\/assets\/sprites-core-gvfid0kn.svg#304883\" fill=\"currentColor\"\/><\/svg><\/span><\/a><\/p>\n<hr data-start=\"512\" data-end=\"515\">\n<h2 data-start=\"517\" data-end=\"549\">2. Finalidad del tratamiento<\/h2>\n<p data-start=\"551\" data-end=\"633\">Los datos personales facilitados a trav\u00e9s de este sitio web ser\u00e1n tratados con las siguientes finalidades:<\/p>\n<ul data-start=\"635\" data-end=\"862\">\n<li data-start=\"635\" data-end=\"702\">\n<p data-start=\"637\" data-end=\"702\">Atender consultas realizadas a trav\u00e9s del formulario de contacto o por correo electr\u00f3nico.<\/p>\n<\/li>\n<li data-start=\"703\" data-end=\"758\">\n<p data-start=\"705\" data-end=\"758\">Gestionar comunicaciones profesionales o comerciales.<\/p>\n<\/li>\n<li data-start=\"759\" data-end=\"814\">\n<p data-start=\"761\" data-end=\"814\">Facilitar la informaci\u00f3n solicitada sobre nuestros servicios.<\/p>\n<\/li>\n<li data-start=\"815\" data-end=\"862\">\n<p data-start=\"817\" data-end=\"862\">Cumplir con las obligaciones legales aplicables.<\/p>\n<\/li>\n<\/ul>\n<p data-start=\"864\" data-end=\"938\">Los datos personales no ser\u00e1n utilizados para finalidades distintas de las indicadas.<\/p>\n<hr data-start=\"940\" data-end=\"943\">\n<h2 data-start=\"945\" data-end=\"977\">3. Base jur\u00eddica del tratamiento<\/h2>\n<p data-start=\"979\" data-end=\"1033\">Las bases legales para el tratamiento de sus datos personales son:<\/p>\n<ul data-start=\"1035\" data-end=\"1229\">\n<li data-start=\"1035\" data-end=\"1104\">\n<p data-start=\"1037\" data-end=\"1104\">El consentimiento del interesado al enviar un formulario de contacto o realizar una consulta.<\/p>\n<\/li>\n<li data-start=\"1105\" data-end=\"1165\">\n<p data-start=\"1107\" data-end=\"1165\">La aplicaci\u00f3n de medidas precontractuales a solicitud del interesado.<\/p>\n<\/li>\n<li data-start=\"1166\" data-end=\"1229\">\n<p data-start=\"1168\" data-end=\"1229\">El cumplimiento de obligaciones legales aplicables a la Empresa.<\/p>\n<\/li>\n<\/ul>\n<hr data-start=\"1231\" data-end=\"1234\">\n<h2 data-start=\"1236\" data-end=\"1256\">4. Conservaci\u00f3n de los datos<\/h2>\n<p data-start=\"1258\" data-end=\"1406\">Los datos personales se conservar\u00e1n \u00fanicamente durante el tiempo necesario para cumplir la finalidad para la que fueron recabados o para atender obligaciones legales.<\/p>\n<p data-start=\"1408\" data-end=\"1463\">Una vez dejen de ser necesarios, ser\u00e1n eliminados de forma segura.<\/p>\n<hr data-start=\"1465\" data-end=\"1468\">\n<h2 data-start=\"1470\" data-end=\"1491\">5. Destinatarios de los datos<\/h2>\n<p data-start=\"1493\" data-end=\"1747\">Los datos personales no ser\u00e1n comunicados a terceros, salvo obligaci\u00f3n legal o cuando resulte necesario para la prestaci\u00f3n de servicios (por ejemplo, proveedores de hosting o servicios t\u00e9cnicos que act\u00faen como encargados del tratamiento bajo las correspondientes garant\u00edas contractuales).<\/p>\n<p data-start=\"1749\" data-end=\"1875\">No se realizan transferencias internacionales de datos fuera del Espacio Econ\u00f3mico Europeo, salvo que existan garant\u00edas adecuadas conforme a la normativa aplicable.<\/p>\n<hr data-start=\"1877\" data-end=\"1880\">\n<h2 data-start=\"1882\" data-end=\"1899\">6. Derechos del usuario<\/h2>\n<p data-start=\"1901\" data-end=\"1923\">Usted tiene derecho a:<\/p>\n<ul data-start=\"1925\" data-end=\"2174\">\n<li data-start=\"1925\" data-end=\"1954\">\n<p data-start=\"1927\" data-end=\"1954\">Acceder a sus datos personales.<\/p>\n<\/li>\n<li data-start=\"1955\" data-end=\"1999\">\n<p data-start=\"1957\" data-end=\"1999\">Solicitar la rectificaci\u00f3n de los datos inexactos.<\/p>\n<\/li>\n<li data-start=\"2000\" data-end=\"2032\">\n<p data-start=\"2002\" data-end=\"2032\">Solicitar la supresi\u00f3n de sus datos.<\/p>\n<\/li>\n<li data-start=\"2033\" data-end=\"2070\">\n<p data-start=\"2035\" data-end=\"2070\">Solicitar la limitaci\u00f3n del tratamiento.<\/p>\n<\/li>\n<li data-start=\"2071\" data-end=\"2095\">\n<p data-start=\"2073\" data-end=\"2095\">Oponerse al tratamiento.<\/p>\n<\/li>\n<li data-start=\"2096\" data-end=\"2141\">\n<p data-start=\"2098\" data-end=\"2141\">Solicitar la portabilidad de los datos cuando sea aplicable.<\/p>\n<\/li>\n<li data-start=\"2142\" data-end=\"2174\">\n<p data-start=\"2144\" data-end=\"2174\">Retirar el consentimiento en cualquier momento<\/p>\n<\/li>\n<\/ul>\n<p data-start=\"2176\" data-end=\"2250\">Para ejercer estos derechos, puede contactarnos en: <strong data-start=\"2225\" data-end=\"2250\"><a data-start=\"2227\" data-end=\"2248\" class=\"decorated-link cursor-pointer\" rel=\"noopener\">contact@lespirall.com<span aria-hidden=\"true\" class=\"ms-0.5 inline-block align-middle leading-none\"><svg xmlns=\"http:\/\/www.w3.org\/2000\/svg\" width=\"20\" height=\"20\" aria-hidden=\"true\" data-rtl-flip=\"\" class=\"block h-[0.75em] w-[0.75em] stroke-current stroke-[0.75]\"><use href=\"\/cdn\/assets\/sprites-core-gvfid0kn.svg#304883\" fill=\"currentColor\"\/><\/svg><\/span><\/a><\/strong><\/p>\n<p data-start=\"2252\" data-end=\"2430\">Si considera que sus derechos no han sido debidamente atendidos, puede presentar una reclamaci\u00f3n ante la Agencia Espa\u00f1ola de Protecci\u00f3n de Datos (AEPD).<\/p>\n<hr data-start=\"2432\" data-end=\"2435\">\n<h2 data-start=\"2437\" data-end=\"2456\">7. Seguridad de los Datos<\/h2>\n<p data-start=\"2458\" data-end=\"2661\">Implementamos medidas t\u00e9cnicas y organizativas apropiadas para garantizar un nivel de seguridad adecuado al riesgo, protegiendo los datos personales contra el acceso no autorizado, la p\u00e9rdida, la alteraci\u00f3n o la divulgaci\u00f3n.<\/p>\n<hr data-start=\"2663\" data-end=\"2666\">\n<h2 data-start=\"2668\" data-end=\"2704\">8. Modificaciones de Esta Pol\u00edtica de Privacidad<\/h2>\n<p data-start=\"2706\" data-end=\"2894\">La Empresa se reserva el derecho de actualizar esta Pol\u00edtica de Privacidad en cualquier momento con el fin de reflejar cambios legales, t\u00e9cnicos u operativos. La versi\u00f3n actualizada se publicar\u00e1 en este sitio web. <\/p>\n<\/div><\/div>\n<\/div>\n<\/div>\n<div class=\"et_pb_bottom_inside_divider et-no-transition\"><\/div><\/div>","protected":false},"excerpt":{"rendered":"","protected":false},"author":1,"featured_media":0,"parent":0,"menu_order":0,"comment_status":"closed","ping_status":"closed","template":"","meta":{"footnotes":""},"class_list":["post-681","page","type-page","status-publish","hentry"],"yoast_head":"<!-- This site is optimized with the Yoast SEO plugin v27.3 - https:\/\/yoast.com\/product\/yoast-seo-wordpress\/ -->\n<title>Pol\u00edtica de privacidad - L&#039;Espirall<\/title>\n<meta name=\"robots\" content=\"noindex, follow\" \/>\n<meta property=\"og:locale\" content=\"es_ES\" \/>\n<meta property=\"og:type\" content=\"article\" \/>\n<meta property=\"og:title\" content=\"Pol\u00edtica de privacidad - L&#039;Espirall\" \/>\n<meta property=\"og:url\" content=\"https:\/\/lespirall.com\/es\/politica-de-privacidad\/\" \/>\n<meta property=\"og:site_name\" content=\"L&#039;Espirall\" \/>\n<meta property=\"article:modified_time\" content=\"2026-02-23T11:24:21+00:00\" \/>\n<meta name=\"twitter:card\" content=\"summary_large_image\" \/>\n<script type=\"application\/ld+json\" class=\"yoast-schema-graph\">{\"@context\":\"https:\\\/\\\/schema.org\",\"@graph\":[{\"@type\":\"WebPage\",\"@id\":\"https:\\\/\\\/lespirall.com\\\/es\\\/politica-de-privacidad\\\/\",\"url\":\"https:\\\/\\\/lespirall.com\\\/es\\\/politica-de-privacidad\\\/\",\"name\":\"Pol\u00edtica de privacidad - L&#039;Espirall\",\"isPartOf\":{\"@id\":\"https:\\\/\\\/lespirall.com\\\/es\\\/#website\"},\"datePublished\":\"2026-02-17T18:24:39+00:00\",\"dateModified\":\"2026-02-23T11:24:21+00:00\",\"breadcrumb\":{\"@id\":\"https:\\\/\\\/lespirall.com\\\/es\\\/politica-de-privacidad\\\/#breadcrumb\"},\"inLanguage\":\"es\",\"potentialAction\":[{\"@type\":\"ReadAction\",\"target\":[\"https:\\\/\\\/lespirall.com\\\/es\\\/politica-de-privacidad\\\/\"]}]},{\"@type\":\"BreadcrumbList\",\"@id\":\"https:\\\/\\\/lespirall.com\\\/es\\\/politica-de-privacidad\\\/#breadcrumb\",\"itemListElement\":[{\"@type\":\"ListItem\",\"position\":1,\"name\":\"Home\",\"item\":\"https:\\\/\\\/lespirall.com\\\/es\\\/\"},{\"@type\":\"ListItem\",\"position\":2,\"name\":\"Pol\u00edtica de privacidad\"}]},{\"@type\":\"WebSite\",\"@id\":\"https:\\\/\\\/lespirall.com\\\/es\\\/#website\",\"url\":\"https:\\\/\\\/lespirall.com\\\/es\\\/\",\"name\":\"L'Espirall\",\"description\":\"Water Experiences - Special FX\",\"publisher\":{\"@id\":\"https:\\\/\\\/lespirall.com\\\/es\\\/#organization\"},\"potentialAction\":[{\"@type\":\"SearchAction\",\"target\":{\"@type\":\"EntryPoint\",\"urlTemplate\":\"https:\\\/\\\/lespirall.com\\\/es\\\/?s={search_term_string}\"},\"query-input\":{\"@type\":\"PropertyValueSpecification\",\"valueRequired\":true,\"valueName\":\"search_term_string\"}}],\"inLanguage\":\"es\"},{\"@type\":\"Organization\",\"@id\":\"https:\\\/\\\/lespirall.com\\\/es\\\/#organization\",\"name\":\"L'Espirall\",\"url\":\"https:\\\/\\\/lespirall.com\\\/es\\\/\",\"logo\":{\"@type\":\"ImageObject\",\"inLanguage\":\"es\",\"@id\":\"https:\\\/\\\/lespirall.com\\\/es\\\/#\\\/schema\\\/logo\\\/image\\\/\",\"url\":\"https:\\\/\\\/lespirall.com\\\/wp-content\\\/uploads\\\/2026\\\/02\\\/logoE.png\",\"contentUrl\":\"https:\\\/\\\/lespirall.com\\\/wp-content\\\/uploads\\\/2026\\\/02\\\/logoE.png\",\"width\":346,\"height\":100,\"caption\":\"L'Espirall\"},\"image\":{\"@id\":\"https:\\\/\\\/lespirall.com\\\/es\\\/#\\\/schema\\\/logo\\\/image\\\/\"}}]}<\/script>\n<!-- \/ Yoast SEO plugin. -->","yoast_head_json":{"title":"Pol\u00edtica de privacidad - L&#039;Espirall","robots":{"index":"noindex","follow":"follow"},"og_locale":"es_ES","og_type":"article","og_title":"Pol\u00edtica de privacidad - L&#039;Espirall","og_url":"https:\/\/lespirall.com\/es\/politica-de-privacidad\/","og_site_name":"L&#039;Espirall","article_modified_time":"2026-02-23T11:24:21+00:00","twitter_card":"summary_large_image","schema":{"@context":"https:\/\/schema.org","@graph":[{"@type":"WebPage","@id":"https:\/\/lespirall.com\/es\/politica-de-privacidad\/","url":"https:\/\/lespirall.com\/es\/politica-de-privacidad\/","name":"Pol\u00edtica de privacidad - L&#039;Espirall","isPartOf":{"@id":"https:\/\/lespirall.com\/es\/#website"},"datePublished":"2026-02-17T18:24:39+00:00","dateModified":"2026-02-23T11:24:21+00:00","breadcrumb":{"@id":"https:\/\/lespirall.com\/es\/politica-de-privacidad\/#breadcrumb"},"inLanguage":"es","potentialAction":[{"@type":"ReadAction","target":["https:\/\/lespirall.com\/es\/politica-de-privacidad\/"]}]},{"@type":"BreadcrumbList","@id":"https:\/\/lespirall.com\/es\/politica-de-privacidad\/#breadcrumb","itemListElement":[{"@type":"ListItem","position":1,"name":"Home","item":"https:\/\/lespirall.com\/es\/"},{"@type":"ListItem","position":2,"name":"Pol\u00edtica de privacidad"}]},{"@type":"WebSite","@id":"https:\/\/lespirall.com\/es\/#website","url":"https:\/\/lespirall.com\/es\/","name":"L'Espirall","description":"Water Experiences - Special FX","publisher":{"@id":"https:\/\/lespirall.com\/es\/#organization"},"potentialAction":[{"@type":"SearchAction","target":{"@type":"EntryPoint","urlTemplate":"https:\/\/lespirall.com\/es\/?s={search_term_string}"},"query-input":{"@type":"PropertyValueSpecification","valueRequired":true,"valueName":"search_term_string"}}],"inLanguage":"es"},{"@type":"Organization","@id":"https:\/\/lespirall.com\/es\/#organization","name":"L'Espirall","url":"https:\/\/lespirall.com\/es\/","logo":{"@type":"ImageObject","inLanguage":"es","@id":"https:\/\/lespirall.com\/es\/#\/schema\/logo\/image\/","url":"https:\/\/lespirall.com\/wp-content\/uploads\/2026\/02\/logoE.png","contentUrl":"https:\/\/lespirall.com\/wp-content\/uploads\/2026\/02\/logoE.png","width":346,"height":100,"caption":"L'Espirall"},"image":{"@id":"https:\/\/lespirall.com\/es\/#\/schema\/logo\/image\/"}}]}},"_links":{"self":[{"href":"https:\/\/lespirall.com\/es\/wp-json\/wp\/v2\/pages\/681","targetHints":{"allow":["GET"]}}],"collection":[{"href":"https:\/\/lespirall.com\/es\/wp-json\/wp\/v2\/pages"}],"about":[{"href":"https:\/\/lespirall.com\/es\/wp-json\/wp\/v2\/types\/page"}],"author":[{"embeddable":true,"href":"https:\/\/lespirall.com\/es\/wp-json\/wp\/v2\/users\/1"}],"replies":[{"embeddable":true,"href":"https:\/\/lespirall.com\/es\/wp-json\/wp\/v2\/comments?post=681"}],"version-history":[{"count":2,"href":"https:\/\/lespirall.com\/es\/wp-json\/wp\/v2\/pages\/681\/revisions"}],"predecessor-version":[{"id":683,"href":"https:\/\/lespirall.com\/es\/wp-json\/wp\/v2\/pages\/681\/revisions\/683"}],"wp:attachment":[{"href":"https:\/\/lespirall.com\/es\/wp-json\/wp\/v2\/media?parent=681"}],"curies":[{"name":"wp","href":"https:\/\/api.w.org\/{rel}","templated":true}]}}