{"id":678,"date":"2026-02-17T19:15:52","date_gmt":"2026-02-17T18:15:52","guid":{"rendered":"https:\/\/lespirall.com\/aviso-legal\/"},"modified":"2026-02-23T12:14:47","modified_gmt":"2026-02-23T11:14:47","slug":"aviso-legal","status":"publish","type":"page","link":"https:\/\/lespirall.com\/es\/aviso-legal\/","title":{"rendered":"Aviso Legal"},"content":{"rendered":"<div class=\"et_pb_section_0 et_pb_section et_section_regular et_flex_section section_has_divider et_pb_bottom_divider\">\n<div class=\"et_pb_row_0 et_pb_row et_flex_row\">\n<div class=\"et_pb_column_0 et_pb_column et-last-child et_flex_column et_pb_css_mix_blend_mode_passthrough et_flex_column_24_24 et_flex_column_24_24_tablet et_flex_column_24_24_phone\">\n<div class=\"et_pb_heading_0 et_pb_heading et_animated et_pb_module et_flex_module\"><div class=\"et_pb_heading_container\"><h1 class=\"et_pb_module_header\">AVISO LEGAL<\/h1><\/div><\/div>\n<\/div>\n<\/div>\n<div class=\"et_pb_bottom_inside_divider et-no-transition\"><\/div><\/div>\n\n<div class=\"et_pb_section_1 et_pb_section et_section_regular et_flex_section section_has_divider et_pb_bottom_divider\">\n<div class=\"et_pb_row_1 et_pb_row et_flex_row\">\n<div class=\"et_pb_column_1 et_pb_column et-last-child et_flex_column et_pb_css_mix_blend_mode_passthrough et_flex_column_24_24 et_flex_column_24_24_tablet et_flex_column_24_24_phone\">\n<div class=\"et_pb_text_0 et_pb_text et_pb_bg_layout_light et_pb_module et_flex_module\"><div class=\"et_pb_text_inner\"><p data-start=\"139\" data-end=\"256\">En cumplimiento de las obligaciones legales aplicables, se facilitan a continuaci\u00f3n los datos identificativos del titular del sitio web:<\/p>\n<p data-start=\"258\" data-end=\"449\"><strong data-start=\"258\" data-end=\"275\">Denominaci\u00f3n social:<\/strong> L'Espirall de llum S.L.<br data-start=\"299\" data-end=\"302\"><strong data-start=\"302\" data-end=\"325\">Direcci\u00f3n:<\/strong> C\/ Uni\u00f3 38 1r, 08201 Sabadell (Barcelona), Spain<br data-start=\"374\" data-end=\"377\"><strong data-start=\"377\" data-end=\"394\">(NIF):<\/strong> B63305361<br data-start=\"404\" data-end=\"407\"><strong data-start=\"407\" data-end=\"425\">Correo electr\u00f3nico de contactol<\/strong> <a data-start=\"426\" data-end=\"447\" class=\"decorated-link cursor-pointer\" rel=\"noopener\">contact@lespirall.com<span aria-hidden=\"true\" class=\"ms-0.5 inline-block align-middle leading-none\"><svg xmlns=\"http:\/\/www.w3.org\/2000\/svg\" width=\"20\" height=\"20\" aria-hidden=\"true\" data-rtl-flip=\"\" class=\"block h-[0.75em] w-[0.75em] stroke-current stroke-[0.75]\"><use href=\"\/cdn\/assets\/sprites-core-gvfid0kn.svg#304883\" fill=\"currentColor\"\/><\/svg><\/span><\/a><\/p>\n<hr data-start=\"451\" data-end=\"454\">\n<h2 data-start=\"456\" data-end=\"469\">1. Objeto<\/h2>\n<p data-start=\"471\" data-end=\"594\">El presente Aviso Legal regula el acceso y uso de este sitio web, titularidad de L'Espirall de llum S.L. (en adelante, \u201cla Empresa\u201d).<\/p>\n<p data-start=\"596\" data-end=\"686\">El acceso y la navegaci\u00f3n por este sitio web implican la aceptaci\u00f3n plena y sin reservas de las presentes condiciones.<\/p>\n<hr data-start=\"688\" data-end=\"691\">\n<h2 data-start=\"693\" data-end=\"711\">2. Condiciones de uso<\/h2>\n<p data-start=\"713\" data-end=\"833\">El usuario se compromete a utilizar el sitio web, sus contenidos y servicios de conformidad con la legislaci\u00f3n vigente, la buena fe y el orden p\u00fablico.<\/p>\n<p data-start=\"835\" data-end=\"970\">Queda expresamente prohibido el uso del sitio web con fines il\u00edcitos o lesivos para la Empresa o terceros.<\/p>\n<p data-start=\"972\" data-end=\"1095\">La Empresa se reserva el derecho a modificar, en cualquier momento y sin previo aviso, los contenidos del sitio web y el presente Aviso Legal.<\/p>\n<hr data-start=\"1097\" data-end=\"1100\">\n<h2 data-start=\"1102\" data-end=\"1144\">3. Propiedad intelectual e industrial<\/h2>\n<p data-start=\"1146\" data-end=\"1335\">Todos los contenidos del sitio web (incluyendo, entre otros, textos, im\u00e1genes, dise\u00f1os, logotipos, estructura y c\u00f3digo fuente) son propiedad de L'Espirall de llum S.L. o se utilizan con la debida autorizaci\u00f3n.<\/p>\n<p data-start=\"1337\" data-end=\"1487\">Queda estrictamente prohibida la reproducci\u00f3n, distribuci\u00f3n, comunicaci\u00f3n p\u00fablica o modificaci\u00f3n de cualquier contenido sin la autorizaci\u00f3n previa y por escrito del titular.<\/p>\n<hr data-start=\"1489\" data-end=\"1492\">\n<h2 data-start=\"1494\" data-end=\"1509\">4. Responsabilidad<\/h2>\n<p data-start=\"1511\" data-end=\"1719\">La Empresa no se hace responsable de los da\u00f1os y perjuicios que pudieran derivarse del uso de este sitio web y no garantiza la ausencia de virus u otros elementos que puedan producir alteraciones en los sistemas inform\u00e1ticos de los usuarios.<\/p>\n<p data-start=\"1721\" data-end=\"1823\">La Empresa no se responsabiliza del contenido de los enlaces externos que puedan incluirse en este sitio web.<\/p>\n<hr data-start=\"1825\" data-end=\"1828\">\n<h2 data-start=\"1830\" data-end=\"1851\">5. Protecci\u00f3n de datos<\/h2>\n<p data-start=\"1853\" data-end=\"2016\">Los datos personales que puedan recabarse a trav\u00e9s de este sitio web ser\u00e1n tratados de conformidad con la normativa vigente en materia de protecci\u00f3n de datos y seg\u00fan lo establecido en la Pol\u00edtica de Privacidad.<\/p>\n<hr data-start=\"2018\" data-end=\"2021\">\n<h2 data-start=\"2023\" data-end=\"2059\">6. Legislaci\u00f3n aplicable y jurisdicci\u00f3n<\/h2>\n<p data-start=\"2061\" data-end=\"2106\">El presente Aviso Legal se rige por la legislaci\u00f3n espa\u00f1ola.<\/p>\n<p data-start=\"2108\" data-end=\"2264\">Cualquier controversia que pudiera derivarse del acceso o uso de este sitio web se someter\u00e1 a los juzgados y tribunales competentes conforme a la legislaci\u00f3n aplicable.<\/p>\n<\/div><\/div>\n<\/div>\n<\/div>\n<div class=\"et_pb_bottom_inside_divider et-no-transition\"><\/div><\/div>","protected":false},"excerpt":{"rendered":"","protected":false},"author":1,"featured_media":0,"parent":0,"menu_order":0,"comment_status":"closed","ping_status":"closed","template":"","meta":{"footnotes":""},"class_list":["post-678","page","type-page","status-publish","hentry"],"yoast_head":"<!-- This site is optimized with the Yoast SEO plugin v27.3 - https:\/\/yoast.com\/product\/yoast-seo-wordpress\/ -->\n<title>Aviso Legal - L&#039;Espirall<\/title>\n<meta name=\"robots\" content=\"noindex, follow\" \/>\n<meta property=\"og:locale\" content=\"es_ES\" \/>\n<meta property=\"og:type\" content=\"article\" \/>\n<meta property=\"og:title\" content=\"Aviso Legal - L&#039;Espirall\" \/>\n<meta property=\"og:url\" content=\"https:\/\/lespirall.com\/es\/aviso-legal\/\" \/>\n<meta property=\"og:site_name\" content=\"L&#039;Espirall\" \/>\n<meta property=\"article:modified_time\" content=\"2026-02-23T11:14:47+00:00\" \/>\n<meta name=\"twitter:card\" content=\"summary_large_image\" \/>\n<script type=\"application\/ld+json\" class=\"yoast-schema-graph\">{\"@context\":\"https:\\\/\\\/schema.org\",\"@graph\":[{\"@type\":\"WebPage\",\"@id\":\"https:\\\/\\\/lespirall.com\\\/es\\\/aviso-legal\\\/\",\"url\":\"https:\\\/\\\/lespirall.com\\\/es\\\/aviso-legal\\\/\",\"name\":\"Aviso Legal - L&#039;Espirall\",\"isPartOf\":{\"@id\":\"https:\\\/\\\/lespirall.com\\\/es\\\/#website\"},\"datePublished\":\"2026-02-17T18:15:52+00:00\",\"dateModified\":\"2026-02-23T11:14:47+00:00\",\"breadcrumb\":{\"@id\":\"https:\\\/\\\/lespirall.com\\\/es\\\/aviso-legal\\\/#breadcrumb\"},\"inLanguage\":\"es\",\"potentialAction\":[{\"@type\":\"ReadAction\",\"target\":[\"https:\\\/\\\/lespirall.com\\\/es\\\/aviso-legal\\\/\"]}]},{\"@type\":\"BreadcrumbList\",\"@id\":\"https:\\\/\\\/lespirall.com\\\/es\\\/aviso-legal\\\/#breadcrumb\",\"itemListElement\":[{\"@type\":\"ListItem\",\"position\":1,\"name\":\"Home\",\"item\":\"https:\\\/\\\/lespirall.com\\\/es\\\/\"},{\"@type\":\"ListItem\",\"position\":2,\"name\":\"Aviso Legal\"}]},{\"@type\":\"WebSite\",\"@id\":\"https:\\\/\\\/lespirall.com\\\/es\\\/#website\",\"url\":\"https:\\\/\\\/lespirall.com\\\/es\\\/\",\"name\":\"L'Espirall\",\"description\":\"Water Experiences - Special FX\",\"publisher\":{\"@id\":\"https:\\\/\\\/lespirall.com\\\/es\\\/#organization\"},\"potentialAction\":[{\"@type\":\"SearchAction\",\"target\":{\"@type\":\"EntryPoint\",\"urlTemplate\":\"https:\\\/\\\/lespirall.com\\\/es\\\/?s={search_term_string}\"},\"query-input\":{\"@type\":\"PropertyValueSpecification\",\"valueRequired\":true,\"valueName\":\"search_term_string\"}}],\"inLanguage\":\"es\"},{\"@type\":\"Organization\",\"@id\":\"https:\\\/\\\/lespirall.com\\\/es\\\/#organization\",\"name\":\"L'Espirall\",\"url\":\"https:\\\/\\\/lespirall.com\\\/es\\\/\",\"logo\":{\"@type\":\"ImageObject\",\"inLanguage\":\"es\",\"@id\":\"https:\\\/\\\/lespirall.com\\\/es\\\/#\\\/schema\\\/logo\\\/image\\\/\",\"url\":\"https:\\\/\\\/lespirall.com\\\/wp-content\\\/uploads\\\/2026\\\/02\\\/logoE.png\",\"contentUrl\":\"https:\\\/\\\/lespirall.com\\\/wp-content\\\/uploads\\\/2026\\\/02\\\/logoE.png\",\"width\":346,\"height\":100,\"caption\":\"L'Espirall\"},\"image\":{\"@id\":\"https:\\\/\\\/lespirall.com\\\/es\\\/#\\\/schema\\\/logo\\\/image\\\/\"}}]}<\/script>\n<!-- \/ Yoast SEO plugin. -->","yoast_head_json":{"title":"Aviso Legal - L&#039;Espirall","robots":{"index":"noindex","follow":"follow"},"og_locale":"es_ES","og_type":"article","og_title":"Aviso Legal - L&#039;Espirall","og_url":"https:\/\/lespirall.com\/es\/aviso-legal\/","og_site_name":"L&#039;Espirall","article_modified_time":"2026-02-23T11:14:47+00:00","twitter_card":"summary_large_image","schema":{"@context":"https:\/\/schema.org","@graph":[{"@type":"WebPage","@id":"https:\/\/lespirall.com\/es\/aviso-legal\/","url":"https:\/\/lespirall.com\/es\/aviso-legal\/","name":"Aviso Legal - L&#039;Espirall","isPartOf":{"@id":"https:\/\/lespirall.com\/es\/#website"},"datePublished":"2026-02-17T18:15:52+00:00","dateModified":"2026-02-23T11:14:47+00:00","breadcrumb":{"@id":"https:\/\/lespirall.com\/es\/aviso-legal\/#breadcrumb"},"inLanguage":"es","potentialAction":[{"@type":"ReadAction","target":["https:\/\/lespirall.com\/es\/aviso-legal\/"]}]},{"@type":"BreadcrumbList","@id":"https:\/\/lespirall.com\/es\/aviso-legal\/#breadcrumb","itemListElement":[{"@type":"ListItem","position":1,"name":"Home","item":"https:\/\/lespirall.com\/es\/"},{"@type":"ListItem","position":2,"name":"Aviso Legal"}]},{"@type":"WebSite","@id":"https:\/\/lespirall.com\/es\/#website","url":"https:\/\/lespirall.com\/es\/","name":"L'Espirall","description":"Water Experiences - Special FX","publisher":{"@id":"https:\/\/lespirall.com\/es\/#organization"},"potentialAction":[{"@type":"SearchAction","target":{"@type":"EntryPoint","urlTemplate":"https:\/\/lespirall.com\/es\/?s={search_term_string}"},"query-input":{"@type":"PropertyValueSpecification","valueRequired":true,"valueName":"search_term_string"}}],"inLanguage":"es"},{"@type":"Organization","@id":"https:\/\/lespirall.com\/es\/#organization","name":"L'Espirall","url":"https:\/\/lespirall.com\/es\/","logo":{"@type":"ImageObject","inLanguage":"es","@id":"https:\/\/lespirall.com\/es\/#\/schema\/logo\/image\/","url":"https:\/\/lespirall.com\/wp-content\/uploads\/2026\/02\/logoE.png","contentUrl":"https:\/\/lespirall.com\/wp-content\/uploads\/2026\/02\/logoE.png","width":346,"height":100,"caption":"L'Espirall"},"image":{"@id":"https:\/\/lespirall.com\/es\/#\/schema\/logo\/image\/"}}]}},"_links":{"self":[{"href":"https:\/\/lespirall.com\/es\/wp-json\/wp\/v2\/pages\/678","targetHints":{"allow":["GET"]}}],"collection":[{"href":"https:\/\/lespirall.com\/es\/wp-json\/wp\/v2\/pages"}],"about":[{"href":"https:\/\/lespirall.com\/es\/wp-json\/wp\/v2\/types\/page"}],"author":[{"embeddable":true,"href":"https:\/\/lespirall.com\/es\/wp-json\/wp\/v2\/users\/1"}],"replies":[{"embeddable":true,"href":"https:\/\/lespirall.com\/es\/wp-json\/wp\/v2\/comments?post=678"}],"version-history":[{"count":2,"href":"https:\/\/lespirall.com\/es\/wp-json\/wp\/v2\/pages\/678\/revisions"}],"predecessor-version":[{"id":680,"href":"https:\/\/lespirall.com\/es\/wp-json\/wp\/v2\/pages\/678\/revisions\/680"}],"wp:attachment":[{"href":"https:\/\/lespirall.com\/es\/wp-json\/wp\/v2\/media?parent=678"}],"curies":[{"name":"wp","href":"https:\/\/api.w.org\/{rel}","templated":true}]}}