{"id":641,"date":"2026-02-17T18:33:42","date_gmt":"2026-02-17T17:33:42","guid":{"rendered":"https:\/\/lespirall.com\/contacto\/"},"modified":"2026-02-23T17:37:57","modified_gmt":"2026-02-23T16:37:57","slug":"contacto","status":"publish","type":"page","link":"https:\/\/lespirall.com\/es\/contacto\/","title":{"rendered":"Contacto"},"content":{"rendered":"<div class=\"et_pb_section_0 et_pb_section et_section_regular et_flex_section\">\n<div class=\"et_pb_row_0 et_pb_row et_flex_row\">\n<div class=\"et_pb_column_0 et_pb_column et_flex_column et_pb_css_mix_blend_mode_passthrough et_flex_column_2_5 et_flex_column_2_5_tablet et_flex_column_24_24_phone\">\n<div class=\"et_pb_heading_0 et_pb_heading et_pb_module et_block_module\"><div class=\"et_pb_heading_container\"><h1 class=\"et_pb_module_header\">CONTACTO<\/h1><\/div><\/div>\n\n<div class=\"et_pb_text_0 et_pb_text et_pb_bg_layout_light et_pb_module et_block_module preset--module--divi-text--2c55a9c4-feed-423b-9edb-ae0b5b365cac\"><div class=\"et_pb_text_inner\"><p>Cada proyecto comienza con una conversaci\u00f3n. Comparta su visi\u00f3n, el contexto y las limitaciones. <\/p>\n<p data-start=\"151\" data-end=\"231\">Evaluaremos c\u00f3mo podemos contribuir \u2014conceptual, t\u00e9cnica o estrat\u00e9gicamente\u2014.<\/p>\n<p data-start=\"233\" data-end=\"266\">Construyamos algo significativo.<\/p>\n<\/div><\/div>\n\n<ul class=\"et_pb_icon_list_0 et_pb_icon_list et_pb_module et_flex_module\">\n<li class=\"et_pb_icon_list_item_0 et_pb_icon_list_item et_pb_module et_flex_module\"><span class=\"et-pb-icon\">\uf2bd<\/span><div class=\"et_pb_icon_list_text\">Espirall<\/div><\/li>\n\n<li class=\"et_pb_icon_list_item_1 et_pb_icon_list_item et_pb_module et_flex_module\"><span class=\"et-pb-icon\">\ue090<\/span><div class=\"et_pb_icon_list_text\">+34 658 908 789<\/div><\/li>\n\n<li class=\"et_pb_icon_list_item_2 et_pb_icon_list_item et_pb_module et_flex_module\"><span class=\"et-pb-icon\">\ue076<\/span><div class=\"et_pb_icon_list_text\">david@lespirall.com<\/div><\/li>\n<\/ul>\n<\/div>\n\n<div class=\"et_pb_column_1 et_pb_column et-last-child et_flex_column et_pb_css_mix_blend_mode_passthrough et_flex_column_3_5 et_flex_column_3_5_tablet et_flex_column_24_24_phone\">\n<div class=\"et_pb_text_1 et_pb_text et_pb_bg_layout_light et_pb_module et_flex_module\"><div class=\"et_pb_text_inner\"><div class=\"forminator-ui forminator-custom-form forminator-custom-form-693 forminator-design--material  forminator_ajax\" data-forminator-render=\"0\" data-form=\"forminator-module-693\" data-uid=\"69e267309188d\"><br\/><\/div><form\n\t\t\t\tid=\"forminator-module-693\"\n\t\t\t\tclass=\"forminator-ui forminator-custom-form forminator-custom-form-693 forminator-design--material  forminator_ajax\"\n\t\t\t\tmethod=\"post\"\n\t\t\t\tdata-forminator-render=\"0\"\n\t\t\t\tdata-form-id=\"693\"\n\t\t\t\t data-color-option=\"default\" data-design=\"material\" data-grid=\"open\" style=\"display: none;\"\n\t\t\t\tdata-uid=\"69e267309188d\"\n\t\t\t><div role=\"alert\" aria-live=\"polite\" class=\"forminator-response-message forminator-error\" aria-hidden=\"true\"><\/div><div class=\"forminator-row\"><div id=\"name-1\" class=\"forminator-field-name forminator-col forminator-col-12 \"><div class=\"forminator-field\"><label for=\"forminator-field-name-1_69e267309188d\" id=\"forminator-field-name-1_69e267309188d-label\" class=\"forminator-label\">Nombre <span class=\"forminator-required\">*<\/span><\/label><input type=\"text\" name=\"name-1\" value=\"\" placeholder=\"\" id=\"forminator-field-name-1_69e267309188d\" class=\"forminator-input forminator-name--field\" aria-required=\"true\" autocomplete=\"name\" \/><\/div><\/div><\/div><div class=\"forminator-row\"><div id=\"email-1\" class=\"forminator-field-email forminator-col forminator-col-12 \"><div class=\"forminator-field\"><label for=\"forminator-field-email-1_69e267309188d\" id=\"forminator-field-email-1_69e267309188d-label\" class=\"forminator-label\">Correo electr\u00f3nico <span class=\"forminator-required\">*<\/span><\/label><input type=\"email\" name=\"email-1\" value=\"\" placeholder=\"\" id=\"forminator-field-email-1_69e267309188d\" class=\"forminator-input forminator-email--field\" data-required=\"true\" aria-required=\"true\" autocomplete=\"email\" \/><\/div><\/div><\/div><div class=\"forminator-row\"><div id=\"phone-1\" class=\"forminator-field-phone forminator-col forminator-col-12 \"><div class=\"forminator-field\"><label for=\"forminator-field-phone-1_69e267309188d\" id=\"forminator-field-phone-1_69e267309188d-label\" class=\"forminator-label\">Tel\u00e9fono<\/label><input type=\"text\" name=\"phone-1\" value=\"\" placeholder=\"\" id=\"forminator-field-phone-1_69e267309188d\" class=\"forminator-input forminator-field--phone\" data-required=\"\" aria-required=\"false\" autocomplete=\"off\" \/><\/div><\/div><\/div><div class=\"forminator-row\"><div id=\"textarea-1\" class=\"forminator-field-textarea forminator-col forminator-col-12 \"><div class=\"forminator-field\"><label for=\"forminator-field-textarea-1_69e267309188d\" id=\"forminator-field-textarea-1_69e267309188d-label\" class=\"forminator-label\">Mensaje<\/label><textarea name=\"textarea-1\" placeholder=\"\" id=\"forminator-field-textarea-1_69e267309188d\" class=\"forminator-textarea\" rows=\"6\" style=\"min-height:140px;\" ><\/textarea><\/div><\/div><\/div><input type=\"hidden\" name=\"referer_url\" value=\"\" \/><div class=\"forminator-row forminator-row-last\"><div class=\"forminator-col\"><div class=\"forminator-field\"><button class=\"forminator-button forminator-button-submit\"><span>Enviar<\/span><span aria-hidden=\"true\"><\/span><\/button><\/div><\/div><\/div><input type=\"hidden\" id=\"forminator_nonce\" name=\"forminator_nonce\" value=\"b698c6b3e4\" \/><input type=\"hidden\" name=\"_wp_http_referer\" value=\"\/es\/wp-json\/wp\/v2\/pages\/641\" \/><input type=\"hidden\" name=\"form_id\" value=\"693\"><input type=\"hidden\" name=\"page_id\" value=\"641\"><input type=\"hidden\" name=\"form_type\" value=\"default\"><input type=\"hidden\" name=\"current_url\" value=\"https:\/\/lespirall.com\/es\/contacto\/\"><input type=\"hidden\" name=\"render_id\" value=\"0\"><input type=\"hidden\" name=\"action\" value=\"forminator_submit_form_custom-forms\"><label for=\"input_5\" class=\"forminator-hidden\" aria-hidden=\"true\">Por favor, no rellenes este campo. <input id=\"input_5\" type=\"text\" name=\"input_5\" value=\"\" autocomplete=\"off\"><\/label><\/form>\n<\/div><\/div>\n<\/div>\n<\/div>\n<\/div>","protected":false},"excerpt":{"rendered":"","protected":false},"author":1,"featured_media":0,"parent":0,"menu_order":0,"comment_status":"closed","ping_status":"closed","template":"","meta":{"footnotes":""},"class_list":["post-641","page","type-page","status-publish","hentry"],"yoast_head":"<!-- This site is optimized with the Yoast SEO plugin v27.3 - https:\/\/yoast.com\/product\/yoast-seo-wordpress\/ -->\n<title>Contacto - L&#039;Espirall<\/title>\n<meta name=\"description\" content=\"P\u00f3ngase en contacto con Espirall para hablar sobre sus espect\u00e1culos de agua o proyectos hidr\u00e1ulicos complejos. Direcci\u00f3n creativa y t\u00e9cnica desde el concepto hasta la puesta en marcha.\" \/>\n<meta name=\"robots\" content=\"index, follow, max-snippet:-1, max-image-preview:large, max-video-preview:-1\" \/>\n<link rel=\"canonical\" href=\"https:\/\/lespirall.com\/es\/contacto\/\" \/>\n<meta property=\"og:locale\" content=\"es_ES\" \/>\n<meta property=\"og:type\" content=\"article\" \/>\n<meta property=\"og:title\" content=\"Contacto - L&#039;Espirall\" \/>\n<meta property=\"og:description\" content=\"P\u00f3ngase en contacto con Espirall para hablar sobre sus espect\u00e1culos de agua o proyectos hidr\u00e1ulicos complejos. Direcci\u00f3n creativa y t\u00e9cnica desde el concepto hasta la puesta en marcha.\" \/>\n<meta property=\"og:url\" content=\"https:\/\/lespirall.com\/es\/contacto\/\" \/>\n<meta property=\"og:site_name\" content=\"L&#039;Espirall\" \/>\n<meta property=\"article:modified_time\" content=\"2026-02-23T16:37:57+00:00\" \/>\n<meta name=\"twitter:card\" content=\"summary_large_image\" \/>\n<script type=\"application\/ld+json\" class=\"yoast-schema-graph\">{\"@context\":\"https:\\\/\\\/schema.org\",\"@graph\":[{\"@type\":\"WebPage\",\"@id\":\"https:\\\/\\\/lespirall.com\\\/es\\\/contacto\\\/\",\"url\":\"https:\\\/\\\/lespirall.com\\\/es\\\/contacto\\\/\",\"name\":\"Contacto - L&#039;Espirall\",\"isPartOf\":{\"@id\":\"https:\\\/\\\/lespirall.com\\\/es\\\/#website\"},\"datePublished\":\"2026-02-17T17:33:42+00:00\",\"dateModified\":\"2026-02-23T16:37:57+00:00\",\"description\":\"P\u00f3ngase en contacto con Espirall para hablar sobre sus espect\u00e1culos de agua o proyectos hidr\u00e1ulicos complejos. Direcci\u00f3n creativa y t\u00e9cnica desde el concepto hasta la puesta en marcha.\",\"breadcrumb\":{\"@id\":\"https:\\\/\\\/lespirall.com\\\/es\\\/contacto\\\/#breadcrumb\"},\"inLanguage\":\"es\",\"potentialAction\":[{\"@type\":\"ReadAction\",\"target\":[\"https:\\\/\\\/lespirall.com\\\/es\\\/contacto\\\/\"]}]},{\"@type\":\"BreadcrumbList\",\"@id\":\"https:\\\/\\\/lespirall.com\\\/es\\\/contacto\\\/#breadcrumb\",\"itemListElement\":[{\"@type\":\"ListItem\",\"position\":1,\"name\":\"Home\",\"item\":\"https:\\\/\\\/lespirall.com\\\/es\\\/\"},{\"@type\":\"ListItem\",\"position\":2,\"name\":\"Contacto\"}]},{\"@type\":\"WebSite\",\"@id\":\"https:\\\/\\\/lespirall.com\\\/es\\\/#website\",\"url\":\"https:\\\/\\\/lespirall.com\\\/es\\\/\",\"name\":\"L'Espirall\",\"description\":\"Water Experiences - Special FX\",\"publisher\":{\"@id\":\"https:\\\/\\\/lespirall.com\\\/es\\\/#organization\"},\"potentialAction\":[{\"@type\":\"SearchAction\",\"target\":{\"@type\":\"EntryPoint\",\"urlTemplate\":\"https:\\\/\\\/lespirall.com\\\/es\\\/?s={search_term_string}\"},\"query-input\":{\"@type\":\"PropertyValueSpecification\",\"valueRequired\":true,\"valueName\":\"search_term_string\"}}],\"inLanguage\":\"es\"},{\"@type\":\"Organization\",\"@id\":\"https:\\\/\\\/lespirall.com\\\/es\\\/#organization\",\"name\":\"L'Espirall\",\"url\":\"https:\\\/\\\/lespirall.com\\\/es\\\/\",\"logo\":{\"@type\":\"ImageObject\",\"inLanguage\":\"es\",\"@id\":\"https:\\\/\\\/lespirall.com\\\/es\\\/#\\\/schema\\\/logo\\\/image\\\/\",\"url\":\"https:\\\/\\\/lespirall.com\\\/wp-content\\\/uploads\\\/2026\\\/02\\\/logoE.png\",\"contentUrl\":\"https:\\\/\\\/lespirall.com\\\/wp-content\\\/uploads\\\/2026\\\/02\\\/logoE.png\",\"width\":346,\"height\":100,\"caption\":\"L'Espirall\"},\"image\":{\"@id\":\"https:\\\/\\\/lespirall.com\\\/es\\\/#\\\/schema\\\/logo\\\/image\\\/\"}}]}<\/script>\n<!-- \/ Yoast SEO plugin. -->","yoast_head_json":{"title":"Contacto - L&#039;Espirall","description":"P\u00f3ngase en contacto con Espirall para hablar sobre sus espect\u00e1culos de agua o proyectos hidr\u00e1ulicos complejos. Direcci\u00f3n creativa y t\u00e9cnica desde el concepto hasta la puesta en marcha.","robots":{"index":"index","follow":"follow","max-snippet":"max-snippet:-1","max-image-preview":"max-image-preview:large","max-video-preview":"max-video-preview:-1"},"canonical":"https:\/\/lespirall.com\/es\/contacto\/","og_locale":"es_ES","og_type":"article","og_title":"Contacto - L&#039;Espirall","og_description":"P\u00f3ngase en contacto con Espirall para hablar sobre sus espect\u00e1culos de agua o proyectos hidr\u00e1ulicos complejos. Direcci\u00f3n creativa y t\u00e9cnica desde el concepto hasta la puesta en marcha.","og_url":"https:\/\/lespirall.com\/es\/contacto\/","og_site_name":"L&#039;Espirall","article_modified_time":"2026-02-23T16:37:57+00:00","twitter_card":"summary_large_image","schema":{"@context":"https:\/\/schema.org","@graph":[{"@type":"WebPage","@id":"https:\/\/lespirall.com\/es\/contacto\/","url":"https:\/\/lespirall.com\/es\/contacto\/","name":"Contacto - L&#039;Espirall","isPartOf":{"@id":"https:\/\/lespirall.com\/es\/#website"},"datePublished":"2026-02-17T17:33:42+00:00","dateModified":"2026-02-23T16:37:57+00:00","description":"P\u00f3ngase en contacto con Espirall para hablar sobre sus espect\u00e1culos de agua o proyectos hidr\u00e1ulicos complejos. Direcci\u00f3n creativa y t\u00e9cnica desde el concepto hasta la puesta en marcha.","breadcrumb":{"@id":"https:\/\/lespirall.com\/es\/contacto\/#breadcrumb"},"inLanguage":"es","potentialAction":[{"@type":"ReadAction","target":["https:\/\/lespirall.com\/es\/contacto\/"]}]},{"@type":"BreadcrumbList","@id":"https:\/\/lespirall.com\/es\/contacto\/#breadcrumb","itemListElement":[{"@type":"ListItem","position":1,"name":"Home","item":"https:\/\/lespirall.com\/es\/"},{"@type":"ListItem","position":2,"name":"Contacto"}]},{"@type":"WebSite","@id":"https:\/\/lespirall.com\/es\/#website","url":"https:\/\/lespirall.com\/es\/","name":"L'Espirall","description":"Water Experiences - Special FX","publisher":{"@id":"https:\/\/lespirall.com\/es\/#organization"},"potentialAction":[{"@type":"SearchAction","target":{"@type":"EntryPoint","urlTemplate":"https:\/\/lespirall.com\/es\/?s={search_term_string}"},"query-input":{"@type":"PropertyValueSpecification","valueRequired":true,"valueName":"search_term_string"}}],"inLanguage":"es"},{"@type":"Organization","@id":"https:\/\/lespirall.com\/es\/#organization","name":"L'Espirall","url":"https:\/\/lespirall.com\/es\/","logo":{"@type":"ImageObject","inLanguage":"es","@id":"https:\/\/lespirall.com\/es\/#\/schema\/logo\/image\/","url":"https:\/\/lespirall.com\/wp-content\/uploads\/2026\/02\/logoE.png","contentUrl":"https:\/\/lespirall.com\/wp-content\/uploads\/2026\/02\/logoE.png","width":346,"height":100,"caption":"L'Espirall"},"image":{"@id":"https:\/\/lespirall.com\/es\/#\/schema\/logo\/image\/"}}]}},"_links":{"self":[{"href":"https:\/\/lespirall.com\/es\/wp-json\/wp\/v2\/pages\/641","targetHints":{"allow":["GET"]}}],"collection":[{"href":"https:\/\/lespirall.com\/es\/wp-json\/wp\/v2\/pages"}],"about":[{"href":"https:\/\/lespirall.com\/es\/wp-json\/wp\/v2\/types\/page"}],"author":[{"embeddable":true,"href":"https:\/\/lespirall.com\/es\/wp-json\/wp\/v2\/users\/1"}],"replies":[{"embeddable":true,"href":"https:\/\/lespirall.com\/es\/wp-json\/wp\/v2\/comments?post=641"}],"version-history":[{"count":3,"href":"https:\/\/lespirall.com\/es\/wp-json\/wp\/v2\/pages\/641\/revisions"}],"predecessor-version":[{"id":694,"href":"https:\/\/lespirall.com\/es\/wp-json\/wp\/v2\/pages\/641\/revisions\/694"}],"wp:attachment":[{"href":"https:\/\/lespirall.com\/es\/wp-json\/wp\/v2\/media?parent=641"}],"curies":[{"name":"wp","href":"https:\/\/api.w.org\/{rel}","templated":true}]}}