{"id":639,"date":"2026-02-16T11:38:55","date_gmt":"2026-02-16T10:38:55","guid":{"rendered":"https:\/\/lespirall.com\/david-lopez\/"},"modified":"2026-02-23T11:09:49","modified_gmt":"2026-02-23T10:09:49","slug":"david-lopez","status":"publish","type":"page","link":"https:\/\/lespirall.com\/es\/david-lopez\/","title":{"rendered":"David L\u00f3pez"},"content":{"rendered":"<div class=\"et_pb_section_0 et_pb_section et_section_regular et_flex_section section_has_divider et_pb_bottom_divider\">\n<div class=\"et_pb_row_0 et_pb_row et_flex_row\">\n<div class=\"et_pb_column_0 et_pb_column et-last-child et_flex_column et_pb_css_mix_blend_mode_passthrough et_flex_column_24_24 et_flex_column_24_24_tablet et_flex_column_24_24_phone\">\n<div class=\"et_pb_heading_0 et_pb_heading et_animated et_pb_module et_flex_module\"><div class=\"et_pb_heading_container\"><h1 class=\"et_pb_module_header\">DAVID L\u00d3PEZ<\/h1><\/div><\/div>\n<\/div>\n<\/div>\n<div class=\"et_pb_bottom_inside_divider et-no-transition\"><\/div><\/div>\n\n<div class=\"et_pb_section_1 et_pb_section et_section_regular et_flex_section section_has_divider et_pb_bottom_divider\">\n<div class=\"et_pb_row_1 et_pb_row et_flex_row\">\n<div class=\"et_pb_column_1 et_pb_column et-last-child et_flex_column et_pb_css_mix_blend_mode_passthrough et_flex_column_24_24 et_flex_column_24_24_tablet et_flex_column_24_24_phone\">\n<div class=\"et_pb_text_0 et_pb_text et_pb_bg_layout_light et_pb_module et_flex_module\"><div class=\"et_pb_text_inner\"><p><em>ESPIRALL<\/em> est\u00e1 dirigido por <strong>David L\u00f3pez<\/strong>, un director creativo y t\u00e9cnico con m\u00e1s de 25 a\u00f1os de experiencia en arquitectura del agua y efectos especiales de ingenier\u00eda.<\/p>\n<p>Su trabajo se sit\u00faa en la intersecci\u00f3n del desarrollo de conceptos y la ejecuci\u00f3n de ingenier\u00eda.<\/p>\n<p>Combina el pensamiento narrativo con un profundo conocimiento t\u00e9cnico, asegurando que las ideas ambiciosas sigan siendo construibles, operables y fiables.<\/p>\n<p>David trabaja de forma selectiva, participando normalmente en un n\u00famero limitado de proyectos cada a\u00f1o en los que su implicaci\u00f3n puede influir significativamente tanto en el concepto como en el resultado.<\/p>\n<h1><\/h1>\n<p><!-- notionvc: b0e16032-e73a-4d6f-9284-76a0bee1d3a1 --><\/p>\n<\/div><\/div>\n<\/div>\n<\/div>\n<div class=\"et_pb_bottom_inside_divider et-no-transition\"><\/div><\/div>\n\n<div class=\"et_pb_section_2 et_pb_section et_section_regular et_flex_section section_has_divider et_pb_bottom_divider\">\n<div class=\"et_pb_row_2 et_pb_row et_flex_row\">\n<div class=\"et_pb_column_2 et_pb_column et-last-child et_flex_column et_pb_css_mix_blend_mode_passthrough et_flex_column_24_24 et_flex_column_24_24_tablet et_flex_column_24_24_phone\">\n<div class=\"et_pb_heading_1 et_pb_heading et_pb_module et_flex_module\"><div class=\"et_pb_heading_container\"><h2 class=\"et_pb_module_header\">EXPERIENCIA<\/h2><\/div><\/div>\n<\/div>\n<\/div>\n\n<div class=\"et_pb_row_3 et_pb_row et_flex_row\">\n<div class=\"et_pb_column_3 et_pb_column et_flex_column et_pb_css_mix_blend_mode_passthrough et_flex_column_3_5 et_flex_column_3_5_tablet et_flex_column_24_24_phone\">\n<div class=\"et_pb_text_1 et_pb_text et_pb_bg_layout_light et_pb_module et_flex_module\"><div class=\"et_pb_text_inner\"><p>Con m\u00e1s de 25 a\u00f1os en arquitectura del agua y sistemas hidr\u00e1ulicos, David ha dise\u00f1ado y dirigido complejos elementos acu\u00e1ticos, espect\u00e1culos a gran escala y efectos especiales integrados en proyectos internacionales.<\/p>\n<p>En 2003 fund\u00f3 EDL Creative Water, donde ejerci\u00f3 como director t\u00e9cnico y creativo durante m\u00e1s de una d\u00e9cada, liderando el desarrollo de conceptos y la definici\u00f3n de ingenier\u00eda para proyectos a nivel nacional e internacional.<\/p>\n<p>La unidad de negocio de la empresa se vendi\u00f3 en 2017, tras lo cual se apart\u00f3 de la gesti\u00f3n operativa para centrarse exclusivamente en el concepto, la direcci\u00f3n t\u00e9cnica y la resoluci\u00f3n de problemas de alto nivel.<\/p>\n<p>Su experiencia incluye:<\/p>\n<ul>\n<li>Dise\u00f1o conceptual de espect\u00e1culos acu\u00e1ticos<\/li>\n<li>Arquitectura de sistemas hidr\u00e1ulicos<\/li>\n<li>Integraci\u00f3n de efectos especiales pr\u00e1cticos (explosiones acu\u00e1ticas, cortinas de humo, sistemas de fuego)<\/li>\n<li>Definici\u00f3n t\u00e9cnica y documentaci\u00f3n<\/li>\n<li>Puesta en marcha y resoluci\u00f3n de problemas in situ<\/li>\n<li>Optimizaci\u00f3n del rendimiento y fiabilidad a largo plazo<\/li>\n<\/ul>\n<p>Hoy, a trav\u00e9s de <em>ESPIRALL<\/em>, colabora con arquitectos, promotores, operadores y contratistas en proyectos que exigen tanto claridad creativa como precisi\u00f3n t\u00e9cnica.<\/p>\n<\/div><\/div>\n<\/div>\n\n<div class=\"et_pb_column_4 et_pb_column et-last-child et_flex_column et_pb_css_mix_blend_mode_passthrough et_flex_column_2_5 et_flex_column_2_5_tablet et_flex_column_24_24_phone\">\n<div class=\"et_pb_image_0 et_pb_image et_pb_module et_flex_module\"><span class=\"et_pb_image_wrap\"><img loading=\"lazy\" decoding=\"async\" src=\"https:\/\/lespirall.com\/wp-content\/uploads\/2026\/02\/david-lopez-2.jpg\" title=\"David L\u00f3pez\" width=\"674\" height=\"979\" srcset=\"https:\/\/lespirall.com\/wp-content\/uploads\/2026\/02\/david-lopez-2.jpg 674w, https:\/\/lespirall.com\/wp-content\/uploads\/2026\/02\/david-lopez-2-480x697.jpg 480w\" sizes=\"(min-width: 0px) and (max-width: 480px) 480px, (min-width: 481px) 674px, 100vw\" class=\"wp-image-313\" \/><\/span><\/div>\n<\/div>\n<\/div>\n<div class=\"et_pb_bottom_inside_divider et-no-transition\"><\/div><\/div>","protected":false},"excerpt":{"rendered":"","protected":false},"author":1,"featured_media":0,"parent":0,"menu_order":0,"comment_status":"closed","ping_status":"closed","template":"","meta":{"footnotes":""},"class_list":["post-639","page","type-page","status-publish","hentry"],"yoast_head":"<!-- This site is optimized with the Yoast SEO plugin v27.3 - https:\/\/yoast.com\/product\/yoast-seo-wordpress\/ -->\n<title>David L\u00f3pez - L&#039;Espirall<\/title>\n<meta name=\"description\" content=\"M\u00e1s de 25 a\u00f1os liderando espect\u00e1culos acu\u00e1ticos y sistemas hidr\u00e1ulicos complejos. Direcci\u00f3n creativa y experiencia t\u00e9cnica para proyectos construibles y fiables.\" \/>\n<meta name=\"robots\" content=\"index, follow, max-snippet:-1, max-image-preview:large, max-video-preview:-1\" \/>\n<link rel=\"canonical\" href=\"https:\/\/lespirall.com\/es\/david-lopez\/\" \/>\n<meta property=\"og:locale\" content=\"es_ES\" \/>\n<meta property=\"og:type\" content=\"article\" \/>\n<meta property=\"og:title\" content=\"David L\u00f3pez - L&#039;Espirall\" \/>\n<meta property=\"og:description\" content=\"M\u00e1s de 25 a\u00f1os liderando espect\u00e1culos acu\u00e1ticos y sistemas hidr\u00e1ulicos complejos. Direcci\u00f3n creativa y experiencia t\u00e9cnica para proyectos construibles y fiables.\" \/>\n<meta property=\"og:url\" content=\"https:\/\/lespirall.com\/es\/david-lopez\/\" \/>\n<meta property=\"og:site_name\" content=\"L&#039;Espirall\" \/>\n<meta property=\"article:modified_time\" content=\"2026-02-23T10:09:49+00:00\" \/>\n<meta name=\"twitter:card\" content=\"summary_large_image\" \/>\n<script type=\"application\/ld+json\" class=\"yoast-schema-graph\">{\"@context\":\"https:\\\/\\\/schema.org\",\"@graph\":[{\"@type\":\"WebPage\",\"@id\":\"https:\\\/\\\/lespirall.com\\\/es\\\/david-lopez\\\/\",\"url\":\"https:\\\/\\\/lespirall.com\\\/es\\\/david-lopez\\\/\",\"name\":\"David L\u00f3pez - L&#039;Espirall\",\"isPartOf\":{\"@id\":\"https:\\\/\\\/lespirall.com\\\/es\\\/#website\"},\"datePublished\":\"2026-02-16T10:38:55+00:00\",\"dateModified\":\"2026-02-23T10:09:49+00:00\",\"description\":\"M\u00e1s de 25 a\u00f1os liderando espect\u00e1culos acu\u00e1ticos y sistemas hidr\u00e1ulicos complejos. Direcci\u00f3n creativa y experiencia t\u00e9cnica para proyectos construibles y fiables.\",\"breadcrumb\":{\"@id\":\"https:\\\/\\\/lespirall.com\\\/es\\\/david-lopez\\\/#breadcrumb\"},\"inLanguage\":\"es\",\"potentialAction\":[{\"@type\":\"ReadAction\",\"target\":[\"https:\\\/\\\/lespirall.com\\\/es\\\/david-lopez\\\/\"]}]},{\"@type\":\"BreadcrumbList\",\"@id\":\"https:\\\/\\\/lespirall.com\\\/es\\\/david-lopez\\\/#breadcrumb\",\"itemListElement\":[{\"@type\":\"ListItem\",\"position\":1,\"name\":\"Home\",\"item\":\"https:\\\/\\\/lespirall.com\\\/es\\\/\"},{\"@type\":\"ListItem\",\"position\":2,\"name\":\"David L\u00f3pez\"}]},{\"@type\":\"WebSite\",\"@id\":\"https:\\\/\\\/lespirall.com\\\/es\\\/#website\",\"url\":\"https:\\\/\\\/lespirall.com\\\/es\\\/\",\"name\":\"L'Espirall\",\"description\":\"Water Experiences - Special FX\",\"publisher\":{\"@id\":\"https:\\\/\\\/lespirall.com\\\/es\\\/#organization\"},\"potentialAction\":[{\"@type\":\"SearchAction\",\"target\":{\"@type\":\"EntryPoint\",\"urlTemplate\":\"https:\\\/\\\/lespirall.com\\\/es\\\/?s={search_term_string}\"},\"query-input\":{\"@type\":\"PropertyValueSpecification\",\"valueRequired\":true,\"valueName\":\"search_term_string\"}}],\"inLanguage\":\"es\"},{\"@type\":\"Organization\",\"@id\":\"https:\\\/\\\/lespirall.com\\\/es\\\/#organization\",\"name\":\"L'Espirall\",\"url\":\"https:\\\/\\\/lespirall.com\\\/es\\\/\",\"logo\":{\"@type\":\"ImageObject\",\"inLanguage\":\"es\",\"@id\":\"https:\\\/\\\/lespirall.com\\\/es\\\/#\\\/schema\\\/logo\\\/image\\\/\",\"url\":\"https:\\\/\\\/lespirall.com\\\/wp-content\\\/uploads\\\/2026\\\/02\\\/logoE.png\",\"contentUrl\":\"https:\\\/\\\/lespirall.com\\\/wp-content\\\/uploads\\\/2026\\\/02\\\/logoE.png\",\"width\":346,\"height\":100,\"caption\":\"L'Espirall\"},\"image\":{\"@id\":\"https:\\\/\\\/lespirall.com\\\/es\\\/#\\\/schema\\\/logo\\\/image\\\/\"}}]}<\/script>\n<!-- \/ Yoast SEO plugin. -->","yoast_head_json":{"title":"David L\u00f3pez - L&#039;Espirall","description":"M\u00e1s de 25 a\u00f1os liderando espect\u00e1culos acu\u00e1ticos y sistemas hidr\u00e1ulicos complejos. Direcci\u00f3n creativa y experiencia t\u00e9cnica para proyectos construibles y fiables.","robots":{"index":"index","follow":"follow","max-snippet":"max-snippet:-1","max-image-preview":"max-image-preview:large","max-video-preview":"max-video-preview:-1"},"canonical":"https:\/\/lespirall.com\/es\/david-lopez\/","og_locale":"es_ES","og_type":"article","og_title":"David L\u00f3pez - L&#039;Espirall","og_description":"M\u00e1s de 25 a\u00f1os liderando espect\u00e1culos acu\u00e1ticos y sistemas hidr\u00e1ulicos complejos. Direcci\u00f3n creativa y experiencia t\u00e9cnica para proyectos construibles y fiables.","og_url":"https:\/\/lespirall.com\/es\/david-lopez\/","og_site_name":"L&#039;Espirall","article_modified_time":"2026-02-23T10:09:49+00:00","twitter_card":"summary_large_image","schema":{"@context":"https:\/\/schema.org","@graph":[{"@type":"WebPage","@id":"https:\/\/lespirall.com\/es\/david-lopez\/","url":"https:\/\/lespirall.com\/es\/david-lopez\/","name":"David L\u00f3pez - L&#039;Espirall","isPartOf":{"@id":"https:\/\/lespirall.com\/es\/#website"},"datePublished":"2026-02-16T10:38:55+00:00","dateModified":"2026-02-23T10:09:49+00:00","description":"M\u00e1s de 25 a\u00f1os liderando espect\u00e1culos acu\u00e1ticos y sistemas hidr\u00e1ulicos complejos. Direcci\u00f3n creativa y experiencia t\u00e9cnica para proyectos construibles y fiables.","breadcrumb":{"@id":"https:\/\/lespirall.com\/es\/david-lopez\/#breadcrumb"},"inLanguage":"es","potentialAction":[{"@type":"ReadAction","target":["https:\/\/lespirall.com\/es\/david-lopez\/"]}]},{"@type":"BreadcrumbList","@id":"https:\/\/lespirall.com\/es\/david-lopez\/#breadcrumb","itemListElement":[{"@type":"ListItem","position":1,"name":"Home","item":"https:\/\/lespirall.com\/es\/"},{"@type":"ListItem","position":2,"name":"David L\u00f3pez"}]},{"@type":"WebSite","@id":"https:\/\/lespirall.com\/es\/#website","url":"https:\/\/lespirall.com\/es\/","name":"L'Espirall","description":"Water Experiences - Special FX","publisher":{"@id":"https:\/\/lespirall.com\/es\/#organization"},"potentialAction":[{"@type":"SearchAction","target":{"@type":"EntryPoint","urlTemplate":"https:\/\/lespirall.com\/es\/?s={search_term_string}"},"query-input":{"@type":"PropertyValueSpecification","valueRequired":true,"valueName":"search_term_string"}}],"inLanguage":"es"},{"@type":"Organization","@id":"https:\/\/lespirall.com\/es\/#organization","name":"L'Espirall","url":"https:\/\/lespirall.com\/es\/","logo":{"@type":"ImageObject","inLanguage":"es","@id":"https:\/\/lespirall.com\/es\/#\/schema\/logo\/image\/","url":"https:\/\/lespirall.com\/wp-content\/uploads\/2026\/02\/logoE.png","contentUrl":"https:\/\/lespirall.com\/wp-content\/uploads\/2026\/02\/logoE.png","width":346,"height":100,"caption":"L'Espirall"},"image":{"@id":"https:\/\/lespirall.com\/es\/#\/schema\/logo\/image\/"}}]}},"_links":{"self":[{"href":"https:\/\/lespirall.com\/es\/wp-json\/wp\/v2\/pages\/639","targetHints":{"allow":["GET"]}}],"collection":[{"href":"https:\/\/lespirall.com\/es\/wp-json\/wp\/v2\/pages"}],"about":[{"href":"https:\/\/lespirall.com\/es\/wp-json\/wp\/v2\/types\/page"}],"author":[{"embeddable":true,"href":"https:\/\/lespirall.com\/es\/wp-json\/wp\/v2\/users\/1"}],"replies":[{"embeddable":true,"href":"https:\/\/lespirall.com\/es\/wp-json\/wp\/v2\/comments?post=639"}],"version-history":[{"count":1,"href":"https:\/\/lespirall.com\/es\/wp-json\/wp\/v2\/pages\/639\/revisions"}],"predecessor-version":[{"id":640,"href":"https:\/\/lespirall.com\/es\/wp-json\/wp\/v2\/pages\/639\/revisions\/640"}],"wp:attachment":[{"href":"https:\/\/lespirall.com\/es\/wp-json\/wp\/v2\/media?parent=639"}],"curies":[{"name":"wp","href":"https:\/\/api.w.org\/{rel}","templated":true}]}}