{"id":637,"date":"2026-02-15T16:01:18","date_gmt":"2026-02-15T15:01:18","guid":{"rendered":"https:\/\/lespirall.com\/home\/"},"modified":"2026-02-23T12:37:34","modified_gmt":"2026-02-23T11:37:34","slug":"home","status":"publish","type":"page","link":"https:\/\/lespirall.com\/es\/","title":{"rendered":"Home"},"content":{"rendered":"<div class=\"et_pb_section_0 et_pb_section et_section_regular et_flex_section section_has_divider et_pb_bottom_divider\">\n<div class=\"et_pb_row_0 et_pb_row et_flex_row\">\n<div class=\"et_pb_column_0 et_pb_column et-last-child et_flex_column et_pb_css_mix_blend_mode_passthrough et_flex_column_24_24 et_flex_column_24_24_tablet et_flex_column_24_24_phone\">\n<div class=\"et_pb_heading_0 et_pb_heading et_animated et_pb_module et_flex_module\"><div class=\"et_pb_heading_container\"><h1 class=\"et_pb_module_header\">DESDE EL CONCEPTO <\/br> HASTA LA PUESTA EN MARCHA<\/h1><\/div><\/div>\n<\/div>\n<\/div>\n<div class=\"et_pb_bottom_inside_divider et-no-transition\"><\/div><\/div>\n\n<div class=\"et_pb_section_1 et_pb_section et_section_regular et_flex_section section_has_divider et_pb_bottom_divider\">\n<div class=\"et_pb_row_1 et_pb_row et_flex_row\">\n<div class=\"et_pb_column_1 et_pb_column et-last-child et_flex_column et_pb_css_mix_blend_mode_passthrough et_flex_column_24_24 et_flex_column_24_24_tablet et_flex_column_24_24_phone\">\n<div class=\"et_pb_text_0 et_pb_text et_pb_bg_layout_light et_pb_module et_flex_module\"><div class=\"et_pb_text_inner\"><p>Somos <strong><em>Espirall<\/em><\/strong>,<\/p>\n<p>un estudio creativo independiente y direcci\u00f3n t\u00e9cnica para proyectos complejos de agua.<\/p>\n<p>I+D aplicada y flujos de trabajo acelerados con IA para clientes dispuestos a innovar.<\/p>\n<\/div><\/div>\n<\/div>\n<\/div>\n<div class=\"et_pb_bottom_inside_divider et-no-transition\"><\/div><\/div>\n\n<div class=\"et_pb_section_2 et_pb_section et_section_regular et_flex_section section_has_divider et_pb_bottom_divider\">\n<div class=\"et_pb_row_2 et_pb_row et_flex_row\">\n<div class=\"et_pb_column_2 et_pb_column et-last-child et_flex_column et_pb_css_mix_blend_mode_passthrough et_flex_column_24_24 et_flex_column_24_24_tablet et_flex_column_24_24_phone\">\n<div class=\"et_pb_heading_1 et_pb_heading et_pb_module et_flex_module\"><div class=\"et_pb_heading_container\"><h2 class=\"et_pb_module_header\">C\u00d3MO TRABAJAMOS<\/h2><\/div><\/div>\n<\/div>\n<\/div>\n\n<div class=\"et_pb_row_3 et_pb_row et_flex_row\">\n<div class=\"et_pb_column_3 et_pb_column et_flex_column et_pb_css_mix_blend_mode_passthrough et_flex_column_3_5 et_flex_column_3_5_tablet et_flex_column_24_24_phone\">\n<div class=\"et_pb_heading_2 et_pb_heading et_pb_module et_flex_module\"><div class=\"et_pb_heading_container\"><h3 class=\"et_pb_module_header\">1) Dise\u00f1o de concepto<\/h3><\/div><\/div>\n\n<div class=\"et_pb_text_1 et_pb_text et_pb_bg_layout_light et_pb_module et_flex_module\"><div class=\"et_pb_text_inner\"><p><strong>Experiencias de agua con un enfoque narrativo.<\/strong><\/p>\n<p>Cada proyecto comienza con una pregunta:<\/p>\n<p><em>\u00bfQu\u00e9 deber\u00eda hacer sentir este lugar a las personas?<\/em><\/p>\n<p>El dise\u00f1o de concepto define la experiencia antes que el sistema. Primero damos forma a la narrativa y al ritmo \u2014 despu\u00e9s los traducimos en agua y efectos especiales. <\/p>\n<p>Tenemos en cuenta:<\/p>\n<ul>\n<li>La percepci\u00f3n y la memoria del p\u00fablico.<\/li>\n<li>La progresi\u00f3n emocional \u2014 tensi\u00f3n y liberaci\u00f3n.<\/li>\n<li>La composici\u00f3n visual \u2014 escala y luz.<\/li>\n<li>El agua y los efectos especiales como herramientas expresivas.<\/li>\n<\/ul>\n<p>Buscamos la soluci\u00f3n adecuada para la narrativa \u2014 no la m\u00e1s compleja.<\/p>\n<p>El conocimiento t\u00e9cnico sostiene la creatividad, manteniendo las ideas ambiciosas y viables.<\/p>\n<p>El resultado no es solo un espect\u00e1culo.<\/p>\n<p>Es una experiencia estructurada.<\/p>\n<\/div><\/div>\n<\/div>\n\n<div class=\"et_pb_column_4 et_pb_column et-last-child et_flex_column et_pb_css_mix_blend_mode_passthrough et_flex_column_3_5 et_flex_column_3_5_tablet et_flex_column_24_24_phone\">\n<div class=\"et_pb_image_0 et_pb_image et_pb_module et_flex_module\"><span class=\"et_pb_image_wrap\"><img loading=\"lazy\" decoding=\"async\" src=\"https:\/\/lespirall.com\/wp-content\/uploads\/2026\/02\/story.png\" title=\"story\" width=\"832\" height=\"1156\" srcset=\"https:\/\/lespirall.com\/wp-content\/uploads\/2026\/02\/story.png 832w, https:\/\/lespirall.com\/wp-content\/uploads\/2026\/02\/story-480x667.png 480w\" sizes=\"(min-width: 0px) and (max-width: 480px) 480px, (min-width: 481px) 832px, 100vw\" class=\"wp-image-301\" \/><\/span><\/div>\n<\/div>\n<\/div>\n<div class=\"et_pb_bottom_inside_divider et-no-transition\"><\/div><\/div>\n\n<div class=\"et_pb_section_3 et_pb_section et_section_regular et_flex_section\">\n<div class=\"et_pb_row_4 et_pb_row et_flex_row\">\n<div class=\"et_pb_column_5 et_pb_column et_flex_column et_pb_css_mix_blend_mode_passthrough et_flex_column_3_5 et_flex_column_3_5_tablet et_flex_column_24_24_phone\">\n<div class=\"et_pb_image_1 et_pb_image et_animated et_pb_module et_flex_module\"><span class=\"et_pb_image_wrap\"><img loading=\"lazy\" decoding=\"async\" src=\"https:\/\/lespirall.com\/wp-content\/uploads\/2026\/02\/technical.jpg\" title=\"Technical Design Espirall\" width=\"743\" height=\"944\" srcset=\"https:\/\/lespirall.com\/wp-content\/uploads\/2026\/02\/technical.jpg 743w, https:\/\/lespirall.com\/wp-content\/uploads\/2026\/02\/technical-480x610.jpg 480w\" sizes=\"(min-width: 0px) and (max-width: 480px) 480px, (min-width: 481px) 743px, 100vw\" class=\"wp-image-126\" \/><\/span><\/div>\n<\/div>\n\n<div class=\"et_pb_column_6 et_pb_column et-last-child et_flex_column et_pb_css_mix_blend_mode_passthrough et_flex_column_3_5 et_flex_column_3_5_tablet et_flex_column_24_24_phone\">\n<div class=\"et_pb_heading_3 et_pb_heading et_pb_module et_flex_module\"><div class=\"et_pb_heading_container\"><h3 class=\"et_pb_module_header\">2) Dise\u00f1o t\u00e9cnico<\/h3><\/div><\/div>\n\n<div class=\"et_pb_text_2 et_pb_text et_pb_bg_layout_light et_pb_module et_flex_module\"><div class=\"et_pb_text_inner\"><p><strong>Del concepto a la documentaci\u00f3n t\u00e9cnica.<\/strong><\/p>\n<p>El dise\u00f1o t\u00e9cnico traduce la narrativa en un sistema construible.<\/p>\n<p>Esta fase exige precisi\u00f3n y coordinaci\u00f3n.<\/p>\n<p>Desarrollamos:<\/p>\n<ul>\n<li>Arquitectura hidr\u00e1ulica y c\u00e1lculos.<\/li>\n<li>Planos 2D y modelos 3D para su integraci\u00f3n.<\/li>\n<li>Estrategias de bombeo y selecci\u00f3n de boquillas alineadas con el rendimiento previsto.<\/li>\n<li>Filosof\u00eda de control integrada con iluminaci\u00f3n y sonido.<\/li>\n<li>Criterios de seguridad y fiabilidad.<\/li>\n<\/ul>\n<p>El objetivo no es la complejidad.<\/p>\n<p>Es la claridad.<\/p>\n<p>Cada concepto se convierte en documentaci\u00f3n estructurada, validada antes de llegar a obra.<\/p>\n<p>El resultado es un sistema dise\u00f1ado para funcionar exactamente como fue concebido.<\/p>\n<\/div><\/div>\n<\/div>\n<\/div>\n<\/div>\n\n<div class=\"et_pb_section_4 et_pb_section et_section_regular et_flex_section section_has_divider et_pb_top_divider et_pb_bottom_divider\"><div class=\"et_pb_top_inside_divider et-no-transition\"><\/div>\n<div class=\"et_pb_row_5 et_pb_row et_flex_row\">\n<div class=\"et_pb_column_7 et_pb_column et_flex_column et_pb_css_mix_blend_mode_passthrough et_flex_column_3_5 et_flex_column_3_5_tablet et_flex_column_24_24_phone\">\n<div class=\"et_pb_heading_4 et_pb_heading et_pb_module et_flex_module\"><div class=\"et_pb_heading_container\"><h3 class=\"et_pb_module_header\">3) Direcci\u00f3n t\u00e9cnica<\/h3><\/div><\/div>\n\n<div class=\"et_pb_text_3 et_pb_text et_pb_bg_layout_light et_pb_module et_flex_module\"><div class=\"et_pb_text_inner\"><p><strong>Donde el dise\u00f1o se encuentra con la realidad.<\/strong><\/p>\n<p>La direcci\u00f3n t\u00e9cnica garantiza que el proyecto se ejecute tal como fue definido \u2014 sin diluirse durante la construcci\u00f3n.<\/p>\n<p>El concepto, el presupuesto y las limitaciones se mantienen alineados a lo largo de la ejecuci\u00f3n.<\/p>\n<p>Nos implicamos activamente en obra para proteger la intenci\u00f3n t\u00e9cnica.<\/p>\n<p>Nuestro papel incluye:<\/p>\n<ul>\n<li>Coordinaci\u00f3n y supervisi\u00f3n de contratistas.<\/li>\n<li>Puesta en marcha, pruebas y optimizaci\u00f3n.<\/li>\n<li>Seguimiento de la l\u00f3gica constructiva y sus condicionantes.<\/li>\n<\/ul>\n<p>La presencia en obra es operativa.<\/p>\n<p>Cada decisi\u00f3n debe estar al servicio de la experiencia y mantenerse dentro de los par\u00e1metros del proyecto.<\/p>\n<p>Un proyecto solo tiene \u00e9xito si funciona de forma consistente.<\/p>\n<p>El concepto debe resistir la realidad.<\/p>\n<\/div><\/div>\n<\/div>\n\n<div class=\"et_pb_column_8 et_pb_column et-last-child et_flex_column et_pb_css_mix_blend_mode_passthrough et_flex_column_3_5 et_flex_column_3_5_tablet et_flex_column_24_24_phone\">\n<div class=\"et_pb_image_2 et_pb_image et_animated et_pb_module et_flex_module\"><span class=\"et_pb_image_wrap\"><img loading=\"lazy\" decoding=\"async\" src=\"https:\/\/lespirall.com\/wp-content\/uploads\/2026\/02\/technical-direction-espirall-2.jpg\" title=\"technical direction\" width=\"1024\" height=\"1251\" srcset=\"https:\/\/lespirall.com\/wp-content\/uploads\/2026\/02\/technical-direction-espirall-2.jpg 1024w, https:\/\/lespirall.com\/wp-content\/uploads\/2026\/02\/technical-direction-espirall-2-980x1197.jpg 980w, https:\/\/lespirall.com\/wp-content\/uploads\/2026\/02\/technical-direction-espirall-2-480x586.jpg 480w\" sizes=\"(min-width: 0px) and (max-width: 480px) 480px, (min-width: 481px) and (max-width: 980px) 980px, (min-width: 981px) 1024px, 100vw\" class=\"wp-image-444\" \/><\/span><\/div>\n<\/div>\n<\/div>\n<div class=\"et_pb_bottom_inside_divider et-no-transition\"><\/div><\/div>\n\n<div class=\"et_pb_section_5 et_pb_section et_section_regular et_flex_section section_has_divider et_pb_bottom_divider\">\n<div class=\"et_pb_row_6 et_pb_row et_flex_row\">\n<div class=\"et_pb_column_9 et_pb_column et_flex_column et_pb_css_mix_blend_mode_passthrough et_flex_column_3_5 et_flex_column_3_5_tablet et_flex_column_24_24_phone\">\n<div class=\"et_pb_heading_5 et_pb_heading et_pb_module et_flex_module\"><div class=\"et_pb_heading_container\"><h3 class=\"et_pb_module_header\">4) Investigaci\u00f3n y Desarrollo (I+D) <\/h3><\/div><\/div>\n\n<div class=\"et_pb_text_4 et_pb_text et_pb_bg_layout_light et_pb_module et_flex_module\"><div class=\"et_pb_text_inner\"><p><strong>Innovaci\u00f3n validada por la realidad.<\/strong><\/p>\n<p>Invertimos en I+D aplicada para ampliar lo que las experiencias acu\u00e1ticas y los efectos especiales pueden alcanzar.<\/p>\n<p>Se trata de innovaci\u00f3n estructurada \u2014 exploraci\u00f3n y validaci\u00f3n aceleradas, dise\u00f1adas para reducir la incertidumbre antes de asumir compromisos.<\/p>\n<p>La IA est\u00e1 integrada en nuestro flujo de trabajo como una herramienta controlada, que respalda la ideaci\u00f3n r\u00e1pida y el mapeo de escenarios bajo supervisi\u00f3n de ingenier\u00eda.<\/p>\n<p><strong>C\u00f3mo abordamos la I+D<\/strong><\/p>\n<ul>\n<li>Exploraci\u00f3n conceptual y definici\u00f3n de viabilidad.<\/li>\n<li>Iteraci\u00f3n y pruebas con apoyo de IA.<\/li>\n<li>Mapeo de riesgos y validaci\u00f3n del rendimiento.<\/li>\n<li>Integraci\u00f3n en sistemas construibles.<\/li>\n<\/ul>\n<p>Todos los resultados se revisan bajo criterios de ingenier\u00eda.<\/p>\n<p>La I+D est\u00e1 integrada en el concepto, el dise\u00f1o y la puesta en marcha.<\/p>\n<\/div><\/div>\n<\/div>\n\n<div class=\"et_pb_column_10 et_pb_column et-last-child et_flex_column et_pb_css_mix_blend_mode_passthrough et_flex_column_3_5 et_flex_column_3_5_tablet et_flex_column_24_24_phone\">\n<div class=\"et_pb_image_3 et_pb_image et_animated et_pb_module et_flex_module\"><span class=\"et_pb_image_wrap\"><img loading=\"lazy\" decoding=\"async\" src=\"https:\/\/lespirall.com\/wp-content\/uploads\/2026\/02\/research-2.jpg\" title=\"Research Espirall\" width=\"1024\" height=\"1275\" srcset=\"https:\/\/lespirall.com\/wp-content\/uploads\/2026\/02\/research-2.jpg 1024w, https:\/\/lespirall.com\/wp-content\/uploads\/2026\/02\/research-2-980x1220.jpg 980w, https:\/\/lespirall.com\/wp-content\/uploads\/2026\/02\/research-2-480x598.jpg 480w\" sizes=\"(min-width: 0px) and (max-width: 480px) 480px, (min-width: 481px) and (max-width: 980px) 980px, (min-width: 981px) 1024px, 100vw\" class=\"wp-image-445\" \/><\/span><\/div>\n<\/div>\n<\/div>\n<div class=\"et_pb_bottom_inside_divider et-no-transition\"><\/div><\/div>\n\n<div class=\"et_pb_section_6 et_pb_section et_section_regular et_flex_section section_has_divider et_pb_bottom_divider\">\n<div class=\"et_pb_row_7 et_pb_row et_flex_row\">\n<div class=\"et_pb_column_11 et_pb_column et_flex_column et_pb_css_mix_blend_mode_passthrough et_flex_column_3_5 et_flex_column_3_5_tablet et_flex_column_24_24_phone\">\n<div class=\"et_pb_image_4 et_pb_image et_pb_module et_flex_module\"><span class=\"et_pb_image_wrap\"><img loading=\"lazy\" decoding=\"async\" src=\"https:\/\/lespirall.com\/wp-content\/uploads\/2026\/02\/david-lopez-2.jpg\" title=\"David L\u00f3pez\" width=\"674\" height=\"979\" srcset=\"https:\/\/lespirall.com\/wp-content\/uploads\/2026\/02\/david-lopez-2.jpg 674w, https:\/\/lespirall.com\/wp-content\/uploads\/2026\/02\/david-lopez-2-480x697.jpg 480w\" sizes=\"(min-width: 0px) and (max-width: 480px) 480px, (min-width: 481px) 674px, 100vw\" class=\"wp-image-313\" \/><\/span><\/div>\n<\/div>\n\n<div class=\"et_pb_column_12 et_pb_column et-last-child et_flex_column et_pb_css_mix_blend_mode_passthrough et_flex_column_3_5 et_flex_column_3_5_tablet et_flex_column_24_24_phone\">\n<div class=\"et_pb_heading_6 et_pb_heading et_pb_module et_flex_module\"><div class=\"et_pb_heading_container\"><h2 class=\"et_pb_module_header\">DAVID L\u00d3PEZ<\/h2><\/div><\/div>\n\n<div class=\"et_pb_text_5 et_pb_text et_pb_bg_layout_light et_pb_module et_flex_module\"><div class=\"et_pb_text_inner\"><p><em>ESPIRALL<\/em> est\u00e1 dirigido por David L\u00f3pez, director creativo y t\u00e9cnico con m\u00e1s de 25 a\u00f1os de experiencia en arquitectura del agua y efectos especiales de ingenier\u00eda.<\/p>\n<p>Su trabajo se sit\u00faa en la intersecci\u00f3n entre el desarrollo conceptual y la ejecuci\u00f3n t\u00e9cnica.<\/p>\n<p>Combina pensamiento narrativo con un profundo conocimiento t\u00e9cnico, asegurando que las ideas ambiciosas sean construibles, operables y fiables.<\/p>\n<p>David trabaja de forma selectiva, participando habitualmente en un n\u00famero limitado de proyectos cada a\u00f1o, donde su implicaci\u00f3n puede influir de manera significativa tanto en el concepto como en el resultado.<\/p>\n<\/div><\/div>\n\n<div class=\"et_pb_module et_pb_button_module_wrapper et_pb_button_0_wrapper\"><a class=\"et_pb_button_0 et_pb_button et_pb_bg_layout_light et_pb_module et_flex_module\" href=\"https:\/\/lespirall.com\/david-lopez\/\">M\u00c1S SOBRE DAVID<\/a><\/div>\n<\/div>\n<\/div>\n<div class=\"et_pb_bottom_inside_divider et-no-transition\"><\/div><\/div>\n\n<div class=\"et_pb_section_7 et_pb_section et_section_regular et_flex_section\">\n<div class=\"et_pb_row_8 et_pb_row et_flex_row\">\n<div class=\"et_pb_column_13 et_pb_column et-last-child et_flex_column et_pb_css_mix_blend_mode_passthrough et_flex_column_24_24 et_flex_column_24_24_tablet et_flex_column_24_24_phone\">\n<div class=\"et_pb_heading_7 et_pb_heading et_pb_module et_flex_module\"><div class=\"et_pb_heading_container\"><h2 class=\"et_pb_module_header\">PROYECTOS SELECCIONADOS<\/h2><\/div><\/div>\n\n<div class=\"et_pb_slider_0 et_pb_slider et_pb_slider_fullwidth_off et_slider_auto et_slider_speed_5000 et_clickable et_pb_module et_flex_module\"><div class=\"et_pb_slides\">\n<div class=\"et_pb_slide_0 et_pb_slide et_pb_media_alignment_center et_pb_bg_layout_dark\" data-slide-id=\"divi\/slide-0\"><div class=\"et_pb_container\"><div class=\"et_pb_slider_container_inner\"><div class=\"et_pb_slide_description et_flex_module\"><\/div><\/div><\/div><\/div>\n\n<div class=\"et_pb_slide_1 et_pb_slide et_pb_media_alignment_center et_pb_bg_layout_dark\" data-slide-id=\"divi\/slide-1\"><div class=\"et_pb_container\"><div class=\"et_pb_slider_container_inner\"><div class=\"et_pb_slide_description et_flex_module\"><\/div><\/div><\/div><\/div>\n\n<div class=\"et_pb_slide_2 et_pb_slide et_pb_media_alignment_center et_pb_bg_layout_dark\" data-slide-id=\"divi\/slide-2\"><div class=\"et_pb_container\"><div class=\"et_pb_slider_container_inner\"><div class=\"et_pb_slide_description et_flex_module\"><\/div><\/div><\/div><\/div>\n\n<div class=\"et_pb_slide_3 et_pb_slide et_pb_media_alignment_center et_pb_bg_layout_dark\" data-slide-id=\"divi\/slide-3\"><div class=\"et_pb_container\"><div class=\"et_pb_slider_container_inner\"><div class=\"et_pb_slide_description et_flex_module\"><\/div><\/div><\/div><\/div>\n\n<div class=\"et_pb_slide_4 et_pb_slide et_pb_media_alignment_center et_pb_bg_layout_dark\" data-slide-id=\"divi\/slide-4\"><div class=\"et_pb_container\"><div class=\"et_pb_slider_container_inner\"><div class=\"et_pb_slide_description et_flex_module\"><\/div><\/div><\/div><\/div>\n\n<div class=\"et_pb_slide_5 et_pb_slide et_pb_media_alignment_center et_pb_bg_layout_dark\" data-slide-id=\"divi\/slide-5\"><div class=\"et_pb_container\"><div class=\"et_pb_slider_container_inner\"><div class=\"et_pb_slide_description et_flex_module\"><\/div><\/div><\/div><\/div>\n<\/div><\/div>\n\n<div class=\"et_pb_module et_pb_button_module_wrapper et_pb_button_1_wrapper\"><a class=\"et_pb_button_1 et_pb_button et_pb_bg_layout_light et_pb_module et_flex_module\" href=\"https:\/\/lespirall.com\/selected-projects\/\">DESCUBRIR M\u00c1S PROYECTOS<\/a><\/div>\n<\/div>\n<\/div>\n<\/div>","protected":false},"excerpt":{"rendered":"","protected":false},"author":1,"featured_media":0,"parent":0,"menu_order":0,"comment_status":"closed","ping_status":"closed","template":"","meta":{"footnotes":""},"class_list":["post-637","page","type-page","status-publish","hentry"],"yoast_head":"<!-- This site is optimized with the Yoast SEO plugin v27.3 - https:\/\/yoast.com\/product\/yoast-seo-wordpress\/ -->\n<title>C\u00f3mo trabajamos - L&#039;Espirall<\/title>\n<meta name=\"description\" content=\"Desde el concepto hasta la puesta en marcha, creamos espect\u00e1culos de agua con base en ingenier\u00eda.Direcci\u00f3n creativa, dise\u00f1o t\u00e9cnico e I+D aplicada con flujos de trabajo basados en IA.\" \/>\n<meta name=\"robots\" content=\"index, follow, max-snippet:-1, max-image-preview:large, max-video-preview:-1\" \/>\n<link rel=\"canonical\" href=\"https:\/\/lespirall.com\/es\/\" \/>\n<meta property=\"og:locale\" content=\"es_ES\" \/>\n<meta property=\"og:type\" content=\"article\" \/>\n<meta property=\"og:title\" content=\"C\u00f3mo trabajamos - L&#039;Espirall\" \/>\n<meta property=\"og:description\" content=\"Desde el concepto hasta la puesta en marcha, creamos espect\u00e1culos de agua con base en ingenier\u00eda.Direcci\u00f3n creativa, dise\u00f1o t\u00e9cnico e I+D aplicada con flujos de trabajo basados en IA.\" \/>\n<meta property=\"og:url\" content=\"https:\/\/lespirall.com\/es\/\" \/>\n<meta property=\"og:site_name\" content=\"L&#039;Espirall\" \/>\n<meta property=\"article:modified_time\" content=\"2026-02-23T11:37:34+00:00\" \/>\n<meta name=\"twitter:card\" content=\"summary_large_image\" \/>\n<script type=\"application\/ld+json\" class=\"yoast-schema-graph\">{\"@context\":\"https:\\\/\\\/schema.org\",\"@graph\":[{\"@type\":\"WebPage\",\"@id\":\"https:\\\/\\\/lespirall.com\\\/es\\\/\",\"url\":\"https:\\\/\\\/lespirall.com\\\/es\\\/\",\"name\":\"C\u00f3mo trabajamos - L&#039;Espirall\",\"isPartOf\":{\"@id\":\"https:\\\/\\\/lespirall.com\\\/es\\\/#website\"},\"datePublished\":\"2026-02-15T15:01:18+00:00\",\"dateModified\":\"2026-02-23T11:37:34+00:00\",\"description\":\"Desde el concepto hasta la puesta en marcha, creamos espect\u00e1culos de agua con base en ingenier\u00eda.Direcci\u00f3n creativa, dise\u00f1o t\u00e9cnico e I+D aplicada con flujos de trabajo basados en IA.\",\"breadcrumb\":{\"@id\":\"https:\\\/\\\/lespirall.com\\\/es\\\/#breadcrumb\"},\"inLanguage\":\"es\",\"potentialAction\":[{\"@type\":\"ReadAction\",\"target\":[\"https:\\\/\\\/lespirall.com\\\/es\\\/\"]}]},{\"@type\":\"BreadcrumbList\",\"@id\":\"https:\\\/\\\/lespirall.com\\\/es\\\/#breadcrumb\",\"itemListElement\":[{\"@type\":\"ListItem\",\"position\":1,\"name\":\"Home\",\"item\":\"https:\\\/\\\/lespirall.com\\\/es\\\/\"},{\"@type\":\"ListItem\",\"position\":2,\"name\":\"Home\"}]},{\"@type\":\"WebSite\",\"@id\":\"https:\\\/\\\/lespirall.com\\\/es\\\/#website\",\"url\":\"https:\\\/\\\/lespirall.com\\\/es\\\/\",\"name\":\"L'Espirall\",\"description\":\"Water Experiences - Special FX\",\"publisher\":{\"@id\":\"https:\\\/\\\/lespirall.com\\\/es\\\/#organization\"},\"potentialAction\":[{\"@type\":\"SearchAction\",\"target\":{\"@type\":\"EntryPoint\",\"urlTemplate\":\"https:\\\/\\\/lespirall.com\\\/es\\\/?s={search_term_string}\"},\"query-input\":{\"@type\":\"PropertyValueSpecification\",\"valueRequired\":true,\"valueName\":\"search_term_string\"}}],\"inLanguage\":\"es\"},{\"@type\":\"Organization\",\"@id\":\"https:\\\/\\\/lespirall.com\\\/es\\\/#organization\",\"name\":\"L'Espirall\",\"url\":\"https:\\\/\\\/lespirall.com\\\/es\\\/\",\"logo\":{\"@type\":\"ImageObject\",\"inLanguage\":\"es\",\"@id\":\"https:\\\/\\\/lespirall.com\\\/es\\\/#\\\/schema\\\/logo\\\/image\\\/\",\"url\":\"https:\\\/\\\/lespirall.com\\\/wp-content\\\/uploads\\\/2026\\\/02\\\/logoE.png\",\"contentUrl\":\"https:\\\/\\\/lespirall.com\\\/wp-content\\\/uploads\\\/2026\\\/02\\\/logoE.png\",\"width\":346,\"height\":100,\"caption\":\"L'Espirall\"},\"image\":{\"@id\":\"https:\\\/\\\/lespirall.com\\\/es\\\/#\\\/schema\\\/logo\\\/image\\\/\"}}]}<\/script>\n<!-- \/ Yoast SEO plugin. -->","yoast_head_json":{"title":"C\u00f3mo trabajamos - L&#039;Espirall","description":"Desde el concepto hasta la puesta en marcha, creamos espect\u00e1culos de agua con base en ingenier\u00eda.Direcci\u00f3n creativa, dise\u00f1o t\u00e9cnico e I+D aplicada con flujos de trabajo basados en IA.","robots":{"index":"index","follow":"follow","max-snippet":"max-snippet:-1","max-image-preview":"max-image-preview:large","max-video-preview":"max-video-preview:-1"},"canonical":"https:\/\/lespirall.com\/es\/","og_locale":"es_ES","og_type":"article","og_title":"C\u00f3mo trabajamos - L&#039;Espirall","og_description":"Desde el concepto hasta la puesta en marcha, creamos espect\u00e1culos de agua con base en ingenier\u00eda.Direcci\u00f3n creativa, dise\u00f1o t\u00e9cnico e I+D aplicada con flujos de trabajo basados en IA.","og_url":"https:\/\/lespirall.com\/es\/","og_site_name":"L&#039;Espirall","article_modified_time":"2026-02-23T11:37:34+00:00","twitter_card":"summary_large_image","schema":{"@context":"https:\/\/schema.org","@graph":[{"@type":"WebPage","@id":"https:\/\/lespirall.com\/es\/","url":"https:\/\/lespirall.com\/es\/","name":"C\u00f3mo trabajamos - L&#039;Espirall","isPartOf":{"@id":"https:\/\/lespirall.com\/es\/#website"},"datePublished":"2026-02-15T15:01:18+00:00","dateModified":"2026-02-23T11:37:34+00:00","description":"Desde el concepto hasta la puesta en marcha, creamos espect\u00e1culos de agua con base en ingenier\u00eda.Direcci\u00f3n creativa, dise\u00f1o t\u00e9cnico e I+D aplicada con flujos de trabajo basados en IA.","breadcrumb":{"@id":"https:\/\/lespirall.com\/es\/#breadcrumb"},"inLanguage":"es","potentialAction":[{"@type":"ReadAction","target":["https:\/\/lespirall.com\/es\/"]}]},{"@type":"BreadcrumbList","@id":"https:\/\/lespirall.com\/es\/#breadcrumb","itemListElement":[{"@type":"ListItem","position":1,"name":"Home","item":"https:\/\/lespirall.com\/es\/"},{"@type":"ListItem","position":2,"name":"Home"}]},{"@type":"WebSite","@id":"https:\/\/lespirall.com\/es\/#website","url":"https:\/\/lespirall.com\/es\/","name":"L'Espirall","description":"Water Experiences - Special FX","publisher":{"@id":"https:\/\/lespirall.com\/es\/#organization"},"potentialAction":[{"@type":"SearchAction","target":{"@type":"EntryPoint","urlTemplate":"https:\/\/lespirall.com\/es\/?s={search_term_string}"},"query-input":{"@type":"PropertyValueSpecification","valueRequired":true,"valueName":"search_term_string"}}],"inLanguage":"es"},{"@type":"Organization","@id":"https:\/\/lespirall.com\/es\/#organization","name":"L'Espirall","url":"https:\/\/lespirall.com\/es\/","logo":{"@type":"ImageObject","inLanguage":"es","@id":"https:\/\/lespirall.com\/es\/#\/schema\/logo\/image\/","url":"https:\/\/lespirall.com\/wp-content\/uploads\/2026\/02\/logoE.png","contentUrl":"https:\/\/lespirall.com\/wp-content\/uploads\/2026\/02\/logoE.png","width":346,"height":100,"caption":"L'Espirall"},"image":{"@id":"https:\/\/lespirall.com\/es\/#\/schema\/logo\/image\/"}}]}},"_links":{"self":[{"href":"https:\/\/lespirall.com\/es\/wp-json\/wp\/v2\/pages\/637","targetHints":{"allow":["GET"]}}],"collection":[{"href":"https:\/\/lespirall.com\/es\/wp-json\/wp\/v2\/pages"}],"about":[{"href":"https:\/\/lespirall.com\/es\/wp-json\/wp\/v2\/types\/page"}],"author":[{"embeddable":true,"href":"https:\/\/lespirall.com\/es\/wp-json\/wp\/v2\/users\/1"}],"replies":[{"embeddable":true,"href":"https:\/\/lespirall.com\/es\/wp-json\/wp\/v2\/comments?post=637"}],"version-history":[{"count":5,"href":"https:\/\/lespirall.com\/es\/wp-json\/wp\/v2\/pages\/637\/revisions"}],"predecessor-version":[{"id":691,"href":"https:\/\/lespirall.com\/es\/wp-json\/wp\/v2\/pages\/637\/revisions\/691"}],"wp:attachment":[{"href":"https:\/\/lespirall.com\/es\/wp-json\/wp\/v2\/media?parent=637"}],"curies":[{"name":"wp","href":"https:\/\/api.w.org\/{rel}","templated":true}]}}